{"id":1010412,"date":"2025-09-29T16:16:49","date_gmt":"2025-09-29T19:16:49","guid":{"rendered":"https:\/\/novosite.psr-inc.com\/?page_id=1010412"},"modified":"2025-12-12T08:05:14","modified_gmt":"2025-12-12T11:05:14","slug":"download-ncp","status":"publish","type":"page","link":"https:\/\/www.psr-inc.com\/en\/software\/ncp\/download-ncp\/","title":{"rendered":"NCP &#8211; Download"},"content":{"rendered":"\t\t<div data-elementor-type=\"wp-page\" data-elementor-id=\"1010412\" class=\"elementor elementor-1010412 elementor-1010411\" data-elementor-post-type=\"page\">\n\t\t\t\t<div data-dce-background-overlay-color=\"#163F55\" class=\"elementor-element elementor-element-693e729 e-flex e-con-boxed e-con e-parent\" data-id=\"693e729\" data-element_type=\"container\" data-e-type=\"container\" data-settings=\"{&quot;background_background&quot;:&quot;video&quot;,&quot;background_motion_fx_translateX_effect&quot;:&quot;yes&quot;,&quot;background_motion_fx_translateX_direction&quot;:&quot;negative&quot;,&quot;motion_fx_motion_fx_scrolling&quot;:&quot;yes&quot;,&quot;background_video_link&quot;:&quot;https:\\\/\\\/www.psr-inc.com\\\/wp-content\\\/uploads\\\/2025\\\/06\\\/video_hero_ncp.mp4&quot;,&quot;background_play_on_mobile&quot;:&quot;yes&quot;,&quot;background_motion_fx_translateX_speed&quot;:{&quot;unit&quot;:&quot;px&quot;,&quot;size&quot;:4,&quot;sizes&quot;:[]},&quot;background_motion_fx_translateX_affectedRange&quot;:{&quot;unit&quot;:&quot;%&quot;,&quot;size&quot;:&quot;&quot;,&quot;sizes&quot;:{&quot;start&quot;:0,&quot;end&quot;:100}},&quot;background_motion_fx_devices&quot;:[&quot;desktop&quot;,&quot;tablet&quot;,&quot;mobile&quot;],&quot;motion_fx_devices&quot;:[&quot;desktop&quot;,&quot;tablet&quot;,&quot;mobile&quot;]}\">\n\t\t\t\t\t<div class=\"e-con-inner\">\n\t\t<div class=\"elementor-background-video-container\">\n\t\t\t\t\t\t\t<video class=\"elementor-background-video-hosted\" role=\"presentation\" autoplay muted playsinline loop><\/video>\n\t\t\t\t\t<\/div><div class=\"elementor-element elementor-element-6ccb727 e-flex e-con-boxed e-con e-child\" data-id=\"6ccb727\" data-element_type=\"container\" data-e-type=\"container\">\n\t\t\t\t\t<div class=\"e-con-inner\">\n\t\t\t\t<div data-dce-advanced-background-color=\"#00000052\" class=\"elementor-element elementor-element-12eaa2a elementor-widget__width-auto elementor-widget elementor-widget-heading\" data-id=\"12eaa2a\" data-element_type=\"widget\" data-e-type=\"widget\" data-widget_type=\"heading.default\">\n\t\t\t\t<div class=\"elementor-widget-container\">\n\t\t\t\t\t<div class=\"elementor-heading-title elementor-size-default\">Software<\/div>\t\t\t\t<\/div>\n\t\t\t\t<\/div>\n\t\t\t\t<div class=\"elementor-element elementor-element-c84ac33 elementor-widget elementor-widget-breadcrumbs\" data-id=\"c84ac33\" data-element_type=\"widget\" data-e-type=\"widget\" data-widget_type=\"breadcrumbs.default\">\n\t\t\t\t<div class=\"elementor-widget-container\">\n\t\t\t\t\t<p id=\"breadcrumbs\"><span><span><a href=\"https:\/\/www.psr-inc.com\/en\/\">Home<\/a><\/span><\/span><\/p>\t\t\t\t<\/div>\n\t\t\t\t<\/div>\n\t\t\t\t\t<\/div>\n\t\t\t\t<\/div>\n\t\t<div class=\"elementor-element elementor-element-07a9269 e-flex e-con-boxed e-con e-child\" data-id=\"07a9269\" data-element_type=\"container\" data-e-type=\"container\">\n\t\t\t\t\t<div class=\"e-con-inner\">\n\t\t<div class=\"elementor-element elementor-element-00956e7 e-con-full e-flex e-con e-child\" data-id=\"00956e7\" data-element_type=\"container\" data-e-type=\"container\">\n\t\t\t\t<div class=\"elementor-element elementor-element-36b71ee elementor-invisible elementor-widget elementor-widget-image\" data-id=\"36b71ee\" data-element_type=\"widget\" data-e-type=\"widget\" data-settings=\"{&quot;_animation&quot;:&quot;fadeIn&quot;}\" data-widget_type=\"image.default\">\n\t\t\t\t<div class=\"elementor-widget-container\">\n\t\t\t\t\t\t\t\t\t\t\t\t\t\t\t<img fetchpriority=\"high\" decoding=\"async\" width=\"818\" height=\"811\" src=\"https:\/\/www.psr-inc.com\/wp-content\/uploads\/2025\/06\/psr-logos-softwares-Redesign_NCP.svg\" class=\"attachment-large size-large wp-image-996126\" alt=\"\" \/>\t\t\t\t\t\t\t\t\t\t\t\t\t\t\t<\/div>\n\t\t\t\t<\/div>\n\t\t\t\t<\/div>\n\t\t<div class=\"elementor-element elementor-element-7ae3a81 e-con-full e-flex e-con e-child\" data-id=\"7ae3a81\" data-element_type=\"container\" data-e-type=\"container\">\n\t\t\t\t<div class=\"elementor-element elementor-element-b7ace6a elementor-widget__width-initial animated-slow elementor-widget-tablet__width-inherit elementor-invisible elementor-widget elementor-widget-heading\" data-id=\"b7ace6a\" data-element_type=\"widget\" data-e-type=\"widget\" data-settings=\"{&quot;_animation&quot;:&quot;fadeIn&quot;}\" data-widget_type=\"heading.default\">\n\t\t\t\t<div class=\"elementor-widget-container\">\n\t\t\t\t\t<h1 class=\"elementor-heading-title elementor-size-default\">NCP - Short-Term Operation Schedule<\/h1>\t\t\t\t<\/div>\n\t\t\t\t<\/div>\n\t\t\t\t<\/div>\n\t\t\t\t\t<\/div>\n\t\t\t\t<\/div>\n\t\t\t\t\t<\/div>\n\t\t\t\t<\/div>\n\t\t<div data-dce-background-color=\"#00000000\" class=\"elementor-element elementor-element-2f5a53d9 e-flex e-con-boxed e-con e-parent\" data-id=\"2f5a53d9\" data-element_type=\"container\" data-e-type=\"container\" data-settings=\"{&quot;background_background&quot;:&quot;classic&quot;}\">\n\t\t\t\t\t<div class=\"e-con-inner\">\n\t\t<div class=\"elementor-element elementor-element-79d99ab2 e-con-full e-flex e-con e-child\" data-id=\"79d99ab2\" data-element_type=\"container\" data-e-type=\"container\">\n\t\t\t\t<div class=\"elementor-element elementor-element-795ed7c4 elementor-widget__width-initial elementor-widget elementor-widget-heading\" data-id=\"795ed7c4\" data-element_type=\"widget\" data-e-type=\"widget\" data-widget_type=\"heading.default\">\n\t\t\t\t<div class=\"elementor-widget-container\">\n\t\t\t\t\t<h2 class=\"elementor-heading-title elementor-size-default\">NCP download files<\/h2>\t\t\t\t<\/div>\n\t\t\t\t<\/div>\n\t\t\t\t<\/div>\n\t\t<div class=\"elementor-element elementor-element-6d548c33 e-con-full e-flex e-con e-child\" data-id=\"6d548c33\" data-element_type=\"container\" data-e-type=\"container\">\n\t\t<div class=\"elementor-element elementor-element-61265ab e-con-full e-flex e-con e-child\" data-id=\"61265ab\" data-element_type=\"container\" data-e-type=\"container\">\n\t\t\t\t<div class=\"elementor-element elementor-element-188deeb9 elementor-widget elementor-widget-html\" data-id=\"188deeb9\" data-element_type=\"widget\" data-e-type=\"widget\" data-widget_type=\"html.default\">\n\t\t\t\t<div class=\"elementor-widget-container\">\n\t\t\t\t\t<style>\r\n  .download-table-wrapper {\r\n    width: 100%;\r\n    overflow-x: auto;   \/* permite scroll no mobile *\/\r\n  }\r\n\r\n  .download-table {\r\n    width: 100%;\r\n    border-collapse: collapse;\r\n    font-family: inherit; \/* tipografia global *\/\r\n    min-width: 600px;     \/* evita quebra das colunas *\/\r\n  }\r\n\r\n  .download-table th, \r\n  .download-table td {\r\n    padding: 12px 16px;\r\n    text-align: center;       \r\n    vertical-align: middle;   \r\n    border-bottom: 1px solid #ccc;\r\n    white-space: nowrap;  \/* impede quebra de texto dentro das c\u00e9lulas *\/\r\n  }\r\n\r\n  .download-table th {\r\n    background: #fff;\r\n    font-weight: bold;\r\n  }\r\n\r\n  .download-table tr:nth-child(even) {\r\n    background: #f2f2f2;\r\n  }\r\n\r\n  .tag-new {\r\n    background: #d4b070;\r\n    color: white;\r\n    font-size: 10px;\r\n    font-weight: bold;\r\n    padding: 2px 6px;\r\n    border-radius: 10px;\r\n    margin-left: 6px;\r\n  }\r\n<\/style><br><br><div class=\"download-table-wrapper\">\r\n  <table class=\"download-table\">\r\n    <thead>\r\n      <tr>\r\n        <th>Version<\/th>\r\n        <th>Release date<\/th>\r\n        <th>Windows<\/th>\r\n        <th>Linux<\/th>\r\n        <th>Release site<\/th>\r\n      <\/tr>\r\n    <\/thead>\r\n    <tbody>\r\n      <tr>\r\n        <td>5.29<\/td>\r\n        <td>September, 2025<\/td>\r\n        <td><a href=\"https:\/\/www.psr-inc.com\/app\/link\/?t=d&f=ncp-5.29-setup.zip\" class=\"elementor-button\">Download<\/a><\/td>\r\n        <td>N\/A<\/td>\r\n        <td><a href=\"https:\/\/psr-energy.com\/software\/ncp-5.29.html\" class=\"elementor-button\">View<\/a><\/td>\r\n      <\/tr>\r\n     \r\n    <\/tbody>\r\n  <\/table>\r\n<\/div><br>\t\t\t\t<\/div>\n\t\t\t\t<\/div>\n\t\t\t\t<\/div>\n\t\t\t\t<\/div>\n\t\t\t\t\t<\/div>\n\t\t\t\t<\/div>\n\t\t<div data-dce-background-color=\"#DAEAE9\" data-dce-background-overlay-color=\"#DAEAE9\" data-dce-background-image-url=\"https:\/\/www.psr-inc.com\/wp-content\/uploads\/2025\/09\/analytics-ncp-download-scaled.jpeg\" class=\"elementor-element elementor-element-1387ad99 e-flex e-con-boxed e-con e-parent\" data-id=\"1387ad99\" data-element_type=\"container\" data-e-type=\"container\" data-settings=\"{&quot;background_background&quot;:&quot;classic&quot;}\">\n\t\t\t\t\t<div class=\"e-con-inner\">\n\t\t<div class=\"elementor-element elementor-element-2bea7364 e-con-full e-flex e-con e-child\" data-id=\"2bea7364\" data-element_type=\"container\" data-e-type=\"container\">\n\t\t<div class=\"elementor-element elementor-element-71fbc308 e-con-full e-flex e-con e-child\" data-id=\"71fbc308\" data-element_type=\"container\" data-e-type=\"container\">\n\t\t\t\t<div class=\"elementor-element elementor-element-3682501 elementor-widget__width-initial elementor-widget elementor-widget-heading\" data-id=\"3682501\" data-element_type=\"widget\" data-e-type=\"widget\" data-widget_type=\"heading.default\">\n\t\t\t\t<div class=\"elementor-widget-container\">\n\t\t\t\t\t<h2 class=\"elementor-heading-title elementor-size-default\">About NCP 5.29<\/h2>\t\t\t\t<\/div>\n\t\t\t\t<\/div>\n\t\t\t\t<div class=\"elementor-element elementor-element-2a91cee4 elementor-widget__width-initial elementor-widget elementor-widget-text-editor\" data-id=\"2a91cee4\" data-element_type=\"widget\" data-e-type=\"widget\" data-widget_type=\"text-editor.default\">\n\t\t\t\t<div class=\"elementor-widget-container\">\n\t\t\t\t\t\t\t\t\t<p><strong>NCP 5.29<\/strong> introduces the <strong>Alternating Current Optimal Power Flow (AC Optimal Power Flow \u2013 OPF)<\/strong> model, developed to address the challenges of the energy transition.<br \/>With the growing importance of transmission networks due to the expansion of renewable energy sources, the need for precise and flexible modeling tools has become even greater. The new AC OPF model provides a realistic representation of the network, supporting control and dispatch centers in making informed decisions and ensuring optimized use of energy resources in short-term dispatch planning.<\/p>\n<p>The main enhancements of the AC OPF model include the introduction of nonlinear constraints, accurate representation of voltage levels, tap-changing transformers, improved accuracy in active-power losses, and detailed modeling of reactive-power flows and injections. These advancements are essential for maintaining grid stability and operational efficiency. As a result, NCP 5.29 offers a robust set of tools for transmission-network modeling, supporting system reliability and more effective decision-making.<\/p>\n\t\t\t\t\t\t\t\t<\/div>\n\t\t\t\t<\/div>\n\t\t\t\t<div class=\"vamtam-has-theme-widget-styles elementor-element elementor-element-44ac1a8b elementor-widget__width-initial elementor-widget elementor-widget-button\" data-id=\"44ac1a8b\" data-element_type=\"widget\" data-e-type=\"widget\" data-widget_type=\"button.default\">\n\t\t\t\t<div class=\"elementor-widget-container\">\n\t\t\t\t\t\t\t\t\t<div class=\"elementor-button-wrapper\">\n\t\t\t\t\t<a class=\"elementor-button elementor-button-link elementor-size-sm\" href=\"https:\/\/ncp-release-notes.psr-inc.com\/\" target=\"_blank\">\n\t\t\t\t\t\t<span class=\"elementor-button-content-wrapper\">\n\t\t\t\t\t\t\t\t\t<span class=\"elementor-button-text\">See the release notes<\/span>\n\t\t\t\t\t<\/span>\n\t\t\t\t\t<\/a>\n\t\t\t\t<\/div>\n\t\t\t\t\t\t\t\t<\/div>\n\t\t\t\t<\/div>\n\t\t\t\t<\/div>\n\t\t\t\t<\/div>\n\t\t\t\t\t<\/div>\n\t\t\t\t<\/div>\n\t\t<div class=\"elementor-element elementor-element-46627ee e-con-full e-flex e-con e-parent\" data-id=\"46627ee\" data-element_type=\"container\" data-e-type=\"container\">\n\t\t\t\t<div class=\"elementor-element elementor-element-34ff870c elementor-widget elementor-widget-template\" data-id=\"34ff870c\" data-element_type=\"widget\" data-e-type=\"widget\" data-widget_type=\"template.default\">\n\t\t\t\t<div class=\"elementor-widget-container\">\n\t\t\t\t\t\t\t<div class=\"elementor-template\">\n\t\t\t\t\t<div data-elementor-type=\"container\" data-elementor-id=\"1010358\" class=\"elementor elementor-1010358\" data-elementor-post-type=\"elementor_library\">\n\t\t\t\t<div data-dce-background-overlay-color=\"#163F55\" data-dce-background-image-url=\"https:\/\/www.psr-inc.com\/wp-content\/uploads\/2025\/05\/section-support.png\" class=\"elementor-element elementor-element-17a708d2 e-flex e-con-boxed e-con e-parent\" data-id=\"17a708d2\" data-element_type=\"container\" data-e-type=\"container\" data-settings=\"{&quot;background_background&quot;:&quot;classic&quot;}\">\n\t\t\t\t\t<div class=\"e-con-inner\">\n\t\t<div class=\"elementor-element elementor-element-2d94b4a e-flex e-con-boxed e-con e-child\" data-id=\"2d94b4a\" data-element_type=\"container\" data-e-type=\"container\">\n\t\t\t\t\t<div class=\"e-con-inner\">\n\t\t\t\t<div class=\"elementor-element elementor-element-663a8d8b elementor-widget elementor-widget-heading\" data-id=\"663a8d8b\" data-element_type=\"widget\" data-e-type=\"widget\" data-widget_type=\"heading.default\">\n\t\t\t\t<div class=\"elementor-widget-container\">\n\t\t\t\t\t<h2 class=\"elementor-heading-title elementor-size-default\">Suporte e treinamentos<\/h2>\t\t\t\t<\/div>\n\t\t\t\t<\/div>\n\t\t\t\t<div class=\"elementor-element elementor-element-41429a52 elementor-widget__width-initial elementor-widget elementor-widget-heading\" data-id=\"41429a52\" data-element_type=\"widget\" data-e-type=\"widget\" data-widget_type=\"heading.default\">\n\t\t\t\t<div class=\"elementor-widget-container\">\n\t\t\t\t\t<div class=\"elementor-heading-title elementor-size-default\">Nossa equipe oferece n\u00e3o apenas suporte t\u00e9cnico sobre os softwares, mas tamb\u00e9m uma plataforma interativa de base de conhecimento e a possibilidade de organizar sess\u00f5es de treinamento.<\/div>\t\t\t\t<\/div>\n\t\t\t\t<\/div>\n\t\t\t\t<div class=\"vamtam-has-theme-widget-styles elementor-element elementor-element-5d06b50d elementor-widget elementor-widget-button\" data-id=\"5d06b50d\" data-element_type=\"widget\" data-e-type=\"widget\" data-widget_type=\"button.default\">\n\t\t\t\t<div class=\"elementor-widget-container\">\n\t\t\t\t\t\t\t\t\t<div class=\"elementor-button-wrapper\">\n\t\t\t\t\t<a class=\"elementor-button elementor-button-link elementor-size-sm\" href=\"https:\/\/www.psr-inc.com\/pt-br\/software\/suporte\/\">\n\t\t\t\t\t\t<span class=\"elementor-button-content-wrapper\">\n\t\t\t\t\t\t\t\t\t<span class=\"elementor-button-text\">Saiba mais<\/span>\n\t\t\t\t\t<\/span>\n\t\t\t\t\t<\/a>\n\t\t\t\t<\/div>\n\t\t\t\t\t\t\t\t<\/div>\n\t\t\t\t<\/div>\n\t\t\t\t\t<\/div>\n\t\t\t\t<\/div>\n\t\t\t\t\t<\/div>\n\t\t\t\t<\/div>\n\t\t\t\t<\/div>\n\t\t\t\t<\/div>\n\t\t\t\t\t\t<\/div>\n\t\t\t\t<\/div>\n\t\t\t\t<\/div>\n\t\t\t\t<\/div>\n\t\t","protected":false},"excerpt":{"rendered":"<p>Software NCP &#8211; Short-Term Operation Schedule NCP download files Version Release date Windows Linux Release site 5.29 September, 2025 Download N\/A View About NCP 5.29 NCP 5.29 introduces the Alternating Current Optimal Power Flow (AC Optimal Power Flow \u2013 OPF) model, developed to address the challenges of the energy transition.With the growing importance of transmission&#8230;<\/p>\n","protected":false},"author":1,"featured_media":0,"parent":1007225,"menu_order":0,"comment_status":"closed","ping_status":"closed","template":"","meta":{"_acf_changed":false,"footnotes":""},"class_list":["post-1010412","page","type-page","status-publish","hentry"],"acf":[],"yoast_head":"<!-- This site is optimized with the Yoast SEO plugin v27.3 - https:\/\/yoast.com\/product\/yoast-seo-wordpress\/ -->\n<title>Download NCP - PSR Energy<\/title>\n<meta name=\"description\" content=\"Download now the files for Windows and start taking full advantage of the power of NCP.\" \/>\n<meta name=\"robots\" content=\"index, follow, max-snippet:-1, max-image-preview:large, max-video-preview:-1\" \/>\n<link rel=\"canonical\" href=\"https:\/\/www.psr-inc.com\/en\/software\/ncp\/download-ncp\/\" \/>\n<meta property=\"og:locale\" content=\"en_US\" \/>\n<meta property=\"og:type\" content=\"article\" \/>\n<meta property=\"og:title\" content=\"Download NCP - PSR Energy\" \/>\n<meta property=\"og:description\" content=\"Download now the files for Windows and start taking full advantage of the power of NCP.\" \/>\n<meta property=\"og:url\" content=\"https:\/\/www.psr-inc.com\/en\/software\/ncp\/download-ncp\/\" \/>\n<meta property=\"og:site_name\" content=\"PSR Energy\" \/>\n<meta property=\"article:publisher\" content=\"https:\/\/www.facebook.com\/psrenergy\" \/>\n<meta property=\"article:modified_time\" content=\"2025-12-12T11:05:14+00:00\" \/>\n<meta property=\"og:image\" content=\"https:\/\/novosite.psr-inc.com\/wp-content\/uploads\/2025\/06\/psr-logos-softwares-Redesign_NCP.svg\" \/>\n<meta name=\"twitter:card\" content=\"summary_large_image\" \/>\n<meta name=\"twitter:site\" content=\"@psrenergy\" \/>\n<meta name=\"twitter:label1\" content=\"Est. reading time\" \/>\n\t<meta name=\"twitter:data1\" content=\"6 minutes\" \/>\n<script type=\"application\/ld+json\" class=\"yoast-schema-graph\">{\"@context\":\"https:\\\/\\\/schema.org\",\"@graph\":[{\"@type\":\"WebPage\",\"@id\":\"https:\\\/\\\/www.psr-inc.com\\\/en\\\/software\\\/ncp\\\/download-ncp\\\/\",\"url\":\"https:\\\/\\\/www.psr-inc.com\\\/en\\\/software\\\/ncp\\\/download-ncp\\\/\",\"name\":\"Download NCP - PSR Energy\",\"isPartOf\":{\"@id\":\"https:\\\/\\\/www.psr-inc.com\\\/en\\\/#website\"},\"primaryImageOfPage\":{\"@id\":\"https:\\\/\\\/www.psr-inc.com\\\/en\\\/software\\\/ncp\\\/download-ncp\\\/#primaryimage\"},\"image\":{\"@id\":\"https:\\\/\\\/www.psr-inc.com\\\/en\\\/software\\\/ncp\\\/download-ncp\\\/#primaryimage\"},\"thumbnailUrl\":\"https:\\\/\\\/novosite.psr-inc.com\\\/wp-content\\\/uploads\\\/2025\\\/06\\\/psr-logos-softwares-Redesign_NCP.svg\",\"datePublished\":\"2025-09-29T19:16:49+00:00\",\"dateModified\":\"2025-12-12T11:05:14+00:00\",\"description\":\"Download now the files for Windows and start taking full advantage of the power of NCP.\",\"breadcrumb\":{\"@id\":\"https:\\\/\\\/www.psr-inc.com\\\/en\\\/software\\\/ncp\\\/download-ncp\\\/#breadcrumb\"},\"inLanguage\":\"en-US\",\"potentialAction\":[{\"@type\":\"ReadAction\",\"target\":[\"https:\\\/\\\/www.psr-inc.com\\\/en\\\/software\\\/ncp\\\/download-ncp\\\/\"]}]},{\"@type\":\"ImageObject\",\"inLanguage\":\"en-US\",\"@id\":\"https:\\\/\\\/www.psr-inc.com\\\/en\\\/software\\\/ncp\\\/download-ncp\\\/#primaryimage\",\"url\":\"https:\\\/\\\/novosite.psr-inc.com\\\/wp-content\\\/uploads\\\/2025\\\/06\\\/psr-logos-softwares-Redesign_NCP.svg\",\"contentUrl\":\"https:\\\/\\\/novosite.psr-inc.com\\\/wp-content\\\/uploads\\\/2025\\\/06\\\/psr-logos-softwares-Redesign_NCP.svg\"},{\"@type\":\"BreadcrumbList\",\"@id\":\"https:\\\/\\\/www.psr-inc.com\\\/en\\\/software\\\/ncp\\\/download-ncp\\\/#breadcrumb\",\"itemListElement\":[{\"@type\":\"ListItem\",\"position\":1,\"name\":\"Home\",\"item\":\"https:\\\/\\\/www.psr-inc.com\\\/en\\\/\"},{\"@type\":\"ListItem\",\"position\":2,\"name\":\"Software\",\"item\":\"https:\\\/\\\/www.psr-inc.com\\\/en\\\/software\\\/\"},{\"@type\":\"ListItem\",\"position\":3,\"name\":\"NCP &#8211; Short-Term Operation Schedule\",\"item\":\"https:\\\/\\\/www.psr-inc.com\\\/en\\\/software\\\/ncp\\\/\"},{\"@type\":\"ListItem\",\"position\":4,\"name\":\"NCP &#8211; Download\"}]},{\"@type\":\"WebSite\",\"@id\":\"https:\\\/\\\/www.psr-inc.com\\\/en\\\/#website\",\"url\":\"https:\\\/\\\/www.psr-inc.com\\\/en\\\/\",\"name\":\"PSR\",\"description\":\"\",\"publisher\":{\"@id\":\"https:\\\/\\\/www.psr-inc.com\\\/en\\\/#organization\"},\"alternateName\":\"PSR Energy Consulting\",\"potentialAction\":[{\"@type\":\"SearchAction\",\"target\":{\"@type\":\"EntryPoint\",\"urlTemplate\":\"https:\\\/\\\/www.psr-inc.com\\\/en\\\/?s={search_term_string}\"},\"query-input\":{\"@type\":\"PropertyValueSpecification\",\"valueRequired\":true,\"valueName\":\"search_term_string\"}}],\"inLanguage\":\"en-US\"},{\"@type\":\"Organization\",\"@id\":\"https:\\\/\\\/www.psr-inc.com\\\/en\\\/#organization\",\"name\":\"PSR\",\"alternateName\":\"PSR Energy Consulting\",\"url\":\"https:\\\/\\\/www.psr-inc.com\\\/en\\\/\",\"logo\":{\"@type\":\"ImageObject\",\"inLanguage\":\"en-US\",\"@id\":\"https:\\\/\\\/www.psr-inc.com\\\/en\\\/#\\\/schema\\\/logo\\\/image\\\/\",\"url\":\"https:\\\/\\\/www.psr-inc.com\\\/wp-content\\\/uploads\\\/2023\\\/03\\\/logo-psr.svg\",\"contentUrl\":\"https:\\\/\\\/www.psr-inc.com\\\/wp-content\\\/uploads\\\/2023\\\/03\\\/logo-psr.svg\",\"width\":1056,\"height\":816,\"caption\":\"PSR\"},\"image\":{\"@id\":\"https:\\\/\\\/www.psr-inc.com\\\/en\\\/#\\\/schema\\\/logo\\\/image\\\/\"},\"sameAs\":[\"https:\\\/\\\/www.facebook.com\\\/psrenergy\",\"https:\\\/\\\/x.com\\\/psrenergy\",\"https:\\\/\\\/www.instagram.com\\\/psrenergy\\\/\",\"https:\\\/\\\/www.linkedin.com\\\/company\\\/psrenergy\\\/\"]}]}<\/script>\n<!-- \/ Yoast SEO plugin. -->","yoast_head_json":{"title":"Download NCP - PSR Energy","description":"Download now the files for Windows and start taking full advantage of the power of NCP.","robots":{"index":"index","follow":"follow","max-snippet":"max-snippet:-1","max-image-preview":"max-image-preview:large","max-video-preview":"max-video-preview:-1"},"canonical":"https:\/\/www.psr-inc.com\/en\/software\/ncp\/download-ncp\/","og_locale":"en_US","og_type":"article","og_title":"Download NCP - PSR Energy","og_description":"Download now the files for Windows and start taking full advantage of the power of NCP.","og_url":"https:\/\/www.psr-inc.com\/en\/software\/ncp\/download-ncp\/","og_site_name":"PSR Energy","article_publisher":"https:\/\/www.facebook.com\/psrenergy","article_modified_time":"2025-12-12T11:05:14+00:00","og_image":[{"url":"https:\/\/novosite.psr-inc.com\/wp-content\/uploads\/2025\/06\/psr-logos-softwares-Redesign_NCP.svg","type":"","width":"","height":""}],"twitter_card":"summary_large_image","twitter_site":"@psrenergy","twitter_misc":{"Est. reading time":"6 minutes"},"schema":{"@context":"https:\/\/schema.org","@graph":[{"@type":"WebPage","@id":"https:\/\/www.psr-inc.com\/en\/software\/ncp\/download-ncp\/","url":"https:\/\/www.psr-inc.com\/en\/software\/ncp\/download-ncp\/","name":"Download NCP - PSR Energy","isPartOf":{"@id":"https:\/\/www.psr-inc.com\/en\/#website"},"primaryImageOfPage":{"@id":"https:\/\/www.psr-inc.com\/en\/software\/ncp\/download-ncp\/#primaryimage"},"image":{"@id":"https:\/\/www.psr-inc.com\/en\/software\/ncp\/download-ncp\/#primaryimage"},"thumbnailUrl":"https:\/\/novosite.psr-inc.com\/wp-content\/uploads\/2025\/06\/psr-logos-softwares-Redesign_NCP.svg","datePublished":"2025-09-29T19:16:49+00:00","dateModified":"2025-12-12T11:05:14+00:00","description":"Download now the files for Windows and start taking full advantage of the power of NCP.","breadcrumb":{"@id":"https:\/\/www.psr-inc.com\/en\/software\/ncp\/download-ncp\/#breadcrumb"},"inLanguage":"en-US","potentialAction":[{"@type":"ReadAction","target":["https:\/\/www.psr-inc.com\/en\/software\/ncp\/download-ncp\/"]}]},{"@type":"ImageObject","inLanguage":"en-US","@id":"https:\/\/www.psr-inc.com\/en\/software\/ncp\/download-ncp\/#primaryimage","url":"https:\/\/novosite.psr-inc.com\/wp-content\/uploads\/2025\/06\/psr-logos-softwares-Redesign_NCP.svg","contentUrl":"https:\/\/novosite.psr-inc.com\/wp-content\/uploads\/2025\/06\/psr-logos-softwares-Redesign_NCP.svg"},{"@type":"BreadcrumbList","@id":"https:\/\/www.psr-inc.com\/en\/software\/ncp\/download-ncp\/#breadcrumb","itemListElement":[{"@type":"ListItem","position":1,"name":"Home","item":"https:\/\/www.psr-inc.com\/en\/"},{"@type":"ListItem","position":2,"name":"Software","item":"https:\/\/www.psr-inc.com\/en\/software\/"},{"@type":"ListItem","position":3,"name":"NCP &#8211; Short-Term Operation Schedule","item":"https:\/\/www.psr-inc.com\/en\/software\/ncp\/"},{"@type":"ListItem","position":4,"name":"NCP &#8211; Download"}]},{"@type":"WebSite","@id":"https:\/\/www.psr-inc.com\/en\/#website","url":"https:\/\/www.psr-inc.com\/en\/","name":"PSR","description":"","publisher":{"@id":"https:\/\/www.psr-inc.com\/en\/#organization"},"alternateName":"PSR Energy Consulting","potentialAction":[{"@type":"SearchAction","target":{"@type":"EntryPoint","urlTemplate":"https:\/\/www.psr-inc.com\/en\/?s={search_term_string}"},"query-input":{"@type":"PropertyValueSpecification","valueRequired":true,"valueName":"search_term_string"}}],"inLanguage":"en-US"},{"@type":"Organization","@id":"https:\/\/www.psr-inc.com\/en\/#organization","name":"PSR","alternateName":"PSR Energy Consulting","url":"https:\/\/www.psr-inc.com\/en\/","logo":{"@type":"ImageObject","inLanguage":"en-US","@id":"https:\/\/www.psr-inc.com\/en\/#\/schema\/logo\/image\/","url":"https:\/\/www.psr-inc.com\/wp-content\/uploads\/2023\/03\/logo-psr.svg","contentUrl":"https:\/\/www.psr-inc.com\/wp-content\/uploads\/2023\/03\/logo-psr.svg","width":1056,"height":816,"caption":"PSR"},"image":{"@id":"https:\/\/www.psr-inc.com\/en\/#\/schema\/logo\/image\/"},"sameAs":["https:\/\/www.facebook.com\/psrenergy","https:\/\/x.com\/psrenergy","https:\/\/www.instagram.com\/psrenergy\/","https:\/\/www.linkedin.com\/company\/psrenergy\/"]}]}},"_links":{"self":[{"href":"https:\/\/www.psr-inc.com\/en\/wp-json\/wp\/v2\/pages\/1010412","targetHints":{"allow":["GET"]}}],"collection":[{"href":"https:\/\/www.psr-inc.com\/en\/wp-json\/wp\/v2\/pages"}],"about":[{"href":"https:\/\/www.psr-inc.com\/en\/wp-json\/wp\/v2\/types\/page"}],"author":[{"embeddable":true,"href":"https:\/\/www.psr-inc.com\/en\/wp-json\/wp\/v2\/users\/1"}],"replies":[{"embeddable":true,"href":"https:\/\/www.psr-inc.com\/en\/wp-json\/wp\/v2\/comments?post=1010412"}],"version-history":[{"count":5,"href":"https:\/\/www.psr-inc.com\/en\/wp-json\/wp\/v2\/pages\/1010412\/revisions"}],"predecessor-version":[{"id":1012429,"href":"https:\/\/www.psr-inc.com\/en\/wp-json\/wp\/v2\/pages\/1010412\/revisions\/1012429"}],"up":[{"embeddable":true,"href":"https:\/\/www.psr-inc.com\/en\/wp-json\/wp\/v2\/pages\/1007225"}],"wp:attachment":[{"href":"https:\/\/www.psr-inc.com\/en\/wp-json\/wp\/v2\/media?parent=1010412"}],"curies":[{"name":"wp","href":"https:\/\/api.w.org\/{rel}","templated":true}]}}