{"id":1010397,"date":"2025-09-29T16:12:24","date_gmt":"2025-09-29T19:12:24","guid":{"rendered":"https:\/\/novosite.psr-inc.com\/?page_id=1010397"},"modified":"2025-12-12T07:58:34","modified_gmt":"2025-12-12T10:58:34","slug":"download-optgen","status":"publish","type":"page","link":"https:\/\/www.psr-inc.com\/es\/software\/optgen\/download-optgen\/","title":{"rendered":"OptGen &#8211; Download"},"content":{"rendered":"\t\t<div data-elementor-type=\"wp-page\" data-elementor-id=\"1010397\" class=\"elementor elementor-1010397 elementor-1010395\" data-elementor-post-type=\"page\">\n\t\t\t\t<div data-dce-background-overlay-color=\"#163F55\" class=\"elementor-element elementor-element-693e729 e-flex e-con-boxed e-con e-parent\" data-id=\"693e729\" data-element_type=\"container\" data-e-type=\"container\" data-settings=\"{&quot;background_background&quot;:&quot;video&quot;,&quot;background_motion_fx_translateX_effect&quot;:&quot;yes&quot;,&quot;background_motion_fx_translateX_direction&quot;:&quot;negative&quot;,&quot;motion_fx_motion_fx_scrolling&quot;:&quot;yes&quot;,&quot;background_video_link&quot;:&quot;https:\\\/\\\/www.psr-inc.com\\\/wp-content\\\/uploads\\\/2025\\\/06\\\/video_hero_optgen.mp4&quot;,&quot;background_play_on_mobile&quot;:&quot;yes&quot;,&quot;background_motion_fx_translateX_speed&quot;:{&quot;unit&quot;:&quot;px&quot;,&quot;size&quot;:4,&quot;sizes&quot;:[]},&quot;background_motion_fx_translateX_affectedRange&quot;:{&quot;unit&quot;:&quot;%&quot;,&quot;size&quot;:&quot;&quot;,&quot;sizes&quot;:{&quot;start&quot;:0,&quot;end&quot;:100}},&quot;background_motion_fx_devices&quot;:[&quot;desktop&quot;,&quot;tablet&quot;,&quot;mobile&quot;],&quot;motion_fx_devices&quot;:[&quot;desktop&quot;,&quot;tablet&quot;,&quot;mobile&quot;]}\">\n\t\t\t\t\t<div class=\"e-con-inner\">\n\t\t<div class=\"elementor-background-video-container\">\n\t\t\t\t\t\t\t<video class=\"elementor-background-video-hosted\" role=\"presentation\" autoplay muted playsinline loop><\/video>\n\t\t\t\t\t<\/div><div class=\"elementor-element elementor-element-6ccb727 e-flex e-con-boxed e-con e-child\" data-id=\"6ccb727\" data-element_type=\"container\" data-e-type=\"container\">\n\t\t\t\t\t<div class=\"e-con-inner\">\n\t\t\t\t<div data-dce-advanced-background-color=\"#00000052\" class=\"elementor-element elementor-element-12eaa2a elementor-widget__width-auto elementor-widget elementor-widget-heading\" data-id=\"12eaa2a\" data-element_type=\"widget\" data-e-type=\"widget\" data-widget_type=\"heading.default\">\n\t\t\t\t<div class=\"elementor-widget-container\">\n\t\t\t\t\t<div class=\"elementor-heading-title elementor-size-default\">Software<\/div>\t\t\t\t<\/div>\n\t\t\t\t<\/div>\n\t\t\t\t<div class=\"elementor-element elementor-element-bfa68de elementor-widget elementor-widget-breadcrumbs\" data-id=\"bfa68de\" data-element_type=\"widget\" data-e-type=\"widget\" data-widget_type=\"breadcrumbs.default\">\n\t\t\t\t<div class=\"elementor-widget-container\">\n\t\t\t\t\t<p id=\"breadcrumbs\"><span><span><a href=\"https:\/\/www.psr-inc.com\/es\/\">Home<\/a><\/span><\/span><\/p>\t\t\t\t<\/div>\n\t\t\t\t<\/div>\n\t\t\t\t\t<\/div>\n\t\t\t\t<\/div>\n\t\t<div class=\"elementor-element elementor-element-07a9269 e-flex e-con-boxed e-con e-child\" data-id=\"07a9269\" data-element_type=\"container\" data-e-type=\"container\">\n\t\t\t\t\t<div class=\"e-con-inner\">\n\t\t<div class=\"elementor-element elementor-element-00956e7 e-con-full e-flex e-con e-child\" data-id=\"00956e7\" data-element_type=\"container\" data-e-type=\"container\">\n\t\t\t\t<div class=\"elementor-element elementor-element-36b71ee elementor-invisible elementor-widget elementor-widget-image\" data-id=\"36b71ee\" data-element_type=\"widget\" data-e-type=\"widget\" data-settings=\"{&quot;_animation&quot;:&quot;fadeIn&quot;}\" data-widget_type=\"image.default\">\n\t\t\t\t<div class=\"elementor-widget-container\">\n\t\t\t\t\t\t\t\t\t\t\t\t\t\t\t<img fetchpriority=\"high\" decoding=\"async\" width=\"881\" height=\"810\" src=\"https:\/\/www.psr-inc.com\/wp-content\/uploads\/2025\/06\/optgen-software-psr.svg\" class=\"attachment-large size-large wp-image-1007199\" alt=\"\" \/>\t\t\t\t\t\t\t\t\t\t\t\t\t\t\t<\/div>\n\t\t\t\t<\/div>\n\t\t\t\t<\/div>\n\t\t<div class=\"elementor-element elementor-element-7ae3a81 e-con-full e-flex e-con e-child\" data-id=\"7ae3a81\" data-element_type=\"container\" data-e-type=\"container\">\n\t\t\t\t<div class=\"elementor-element elementor-element-b7ace6a elementor-widget__width-initial animated-slow elementor-widget-tablet__width-inherit elementor-invisible elementor-widget elementor-widget-heading\" data-id=\"b7ace6a\" data-element_type=\"widget\" data-e-type=\"widget\" data-settings=\"{&quot;_animation&quot;:&quot;fadeIn&quot;}\" data-widget_type=\"heading.default\">\n\t\t\t\t<div class=\"elementor-widget-container\">\n\t\t\t\t\t<h1 class=\"elementor-heading-title elementor-size-default\">OptGen - Integrated Resource Planning<\/h1>\t\t\t\t<\/div>\n\t\t\t\t<\/div>\n\t\t\t\t<\/div>\n\t\t\t\t\t<\/div>\n\t\t\t\t<\/div>\n\t\t\t\t\t<\/div>\n\t\t\t\t<\/div>\n\t\t<div data-dce-background-color=\"#00000000\" class=\"elementor-element elementor-element-20a00cc2 e-flex e-con-boxed e-con e-parent\" data-id=\"20a00cc2\" data-element_type=\"container\" data-e-type=\"container\" data-settings=\"{&quot;background_background&quot;:&quot;classic&quot;}\">\n\t\t\t\t\t<div class=\"e-con-inner\">\n\t\t<div class=\"elementor-element elementor-element-69ac8c5c e-con-full e-flex e-con e-child\" data-id=\"69ac8c5c\" data-element_type=\"container\" data-e-type=\"container\">\n\t\t\t\t<div class=\"elementor-element elementor-element-3184d6d7 elementor-widget__width-initial elementor-widget elementor-widget-heading\" data-id=\"3184d6d7\" data-element_type=\"widget\" data-e-type=\"widget\" data-widget_type=\"heading.default\">\n\t\t\t\t<div class=\"elementor-widget-container\">\n\t\t\t\t\t<h2 class=\"elementor-heading-title elementor-size-default\">Archivos de descarga del OptGen<\/h2>\t\t\t\t<\/div>\n\t\t\t\t<\/div>\n\t\t\t\t<div class=\"elementor-element elementor-element-c42ebf5 elementor-widget elementor-widget-text-editor\" data-id=\"c42ebf5\" data-element_type=\"widget\" data-e-type=\"widget\" data-widget_type=\"text-editor.default\">\n\t\t\t\t<div class=\"elementor-widget-container\">\n\t\t\t\t\t\t\t\t\t<p>A partir de la <strong>versi\u00f3n 9.0<\/strong>, OptGen pasar\u00e1 a estar incluido en la plataforma <strong>SDDP 18<\/strong>.<\/p>\n\t\t\t\t\t\t\t\t<\/div>\n\t\t\t\t<\/div>\n\t\t\t\t<\/div>\n\t\t<div class=\"elementor-element elementor-element-2adfc338 e-con-full e-flex e-con e-child\" data-id=\"2adfc338\" data-element_type=\"container\" data-e-type=\"container\">\n\t\t<div class=\"elementor-element elementor-element-22d72d3f e-con-full e-flex e-con e-child\" data-id=\"22d72d3f\" data-element_type=\"container\" data-e-type=\"container\">\n\t\t\t\t<div class=\"elementor-element elementor-element-258f2fd elementor-widget elementor-widget-html\" data-id=\"258f2fd\" data-element_type=\"widget\" data-e-type=\"widget\" data-widget_type=\"html.default\">\n\t\t\t\t<div class=\"elementor-widget-container\">\n\t\t\t\t\t<style>\r\n  .download-table-wrapper {\r\n    width: 100%;\r\n    overflow-x: auto;   \/* permite scroll no mobile *\/\r\n  }\r\n\r\n  .download-table {\r\n    width: 100%;\r\n    border-collapse: collapse;\r\n    font-family: inherit; \/* tipografia global *\/\r\n    min-width: 600px;     \/* evita quebra das colunas *\/\r\n  }\r\n\r\n  .download-table th, \r\n  .download-table td {\r\n    padding: 12px 16px;\r\n    text-align: center;       \r\n    vertical-align: middle;   \r\n    border-bottom: 1px solid #ccc;\r\n    white-space: nowrap;  \/* impede quebra de texto dentro das c\u00e9lulas *\/\r\n  }\r\n\r\n  .download-table th {\r\n    background: #fff;\r\n    font-weight: bold;\r\n  }\r\n\r\n  .download-table tr:nth-child(even) {\r\n    background: #f2f2f2;\r\n  }\r\n\r\n  .tag-new {\r\n    background: #d4b070;\r\n    color: white;\r\n    font-size: 10px;\r\n    font-weight: bold;\r\n    padding: 2px 6px;\r\n    border-radius: 10px;\r\n    margin-left: 6px;\r\n  }\r\n<\/style><br><br><div class=\"download-table-wrapper\">\r\n  <table class=\"download-table\">\r\n    <thead>\r\n      <tr>\r\n        <th>Version<\/th>\r\n        <th>Release date<\/th>\r\n        <th>Windows<\/th>\r\n        <th>Linux<\/th>\r\n        <th>Release site<\/th>\r\n      <\/tr>\r\n    <\/thead>\r\n    <tbody>\r\n      <tr>\r\n        <td>9.0 <span class=\"tag-new\">NEW<\/span><\/td>\r\n        <td>July, 2025<\/td>\r\n        <td><a href=\"https:\/\/www.psr-inc.com\/app\/link\/?t=d&f=sddp-18.0.1-setup.zip\" class=\"elementor-button\">Download<\/a><\/td>\r\n        <td><a href=\"https:\/\/www.psr-inc.com\/app\/link\/?t=d&f=sddp-18.0.1-setup-linux.bin\" class=\"elementor-button\">Download<\/a><\/td>\r\n        <td><a href=\"https:\/\/psr-energy.com\/software\/sddp-18.0.html\" class=\"elementor-button\">View<\/a><\/td>\r\n      <\/tr>\r\n      <tr>\r\n        <td>8.2<\/td>\r\n        <td>February, 2025<\/td>\r\n        <td><a href=\"https:\/\/www.psr-inc.com\/app\/link\/?t=d&f=optgen-8.2.0-setup.zip\" class=\"elementor-button\">Download<\/a><\/td>\r\n        <td><a href=\"https:\/\/www.psr-inc.com\/app\/link\/?t=d&f=optgen-8.2.0-setup-linux.zip\" class=\"elementor-button\">Download<\/a><\/td>\r\n        <td><a href=\"https:\/\/psr-energy.com\/software\/optgen-8.2.html\" class=\"elementor-button\">View<\/a><\/td>\r\n      <\/tr>\r\n    <\/tbody>\r\n  <\/table>\r\n<\/div><br>\t\t\t\t<\/div>\n\t\t\t\t<\/div>\n\t\t\t\t<\/div>\n\t\t\t\t<\/div>\n\t\t\t\t\t<\/div>\n\t\t\t\t<\/div>\n\t\t<div data-dce-background-color=\"#DAEAE9\" data-dce-background-overlay-color=\"#DAEAE9\" data-dce-background-image-url=\"https:\/\/www.psr-inc.com\/wp-content\/uploads\/2025\/09\/analytics-optgen-download-scaled.webp\" class=\"elementor-element elementor-element-1a91fb4b e-flex e-con-boxed e-con e-parent\" data-id=\"1a91fb4b\" data-element_type=\"container\" data-e-type=\"container\" data-settings=\"{&quot;background_background&quot;:&quot;classic&quot;}\">\n\t\t\t\t\t<div class=\"e-con-inner\">\n\t\t<div class=\"elementor-element elementor-element-17d9d882 e-con-full e-flex e-con e-child\" data-id=\"17d9d882\" data-element_type=\"container\" data-e-type=\"container\">\n\t\t<div class=\"elementor-element elementor-element-c68f874 e-con-full e-flex e-con e-child\" data-id=\"c68f874\" data-element_type=\"container\" data-e-type=\"container\">\n\t\t\t\t<div class=\"elementor-element elementor-element-503aab58 elementor-widget__width-initial elementor-widget elementor-widget-heading\" data-id=\"503aab58\" data-element_type=\"widget\" data-e-type=\"widget\" data-widget_type=\"heading.default\">\n\t\t\t\t<div class=\"elementor-widget-container\">\n\t\t\t\t\t<h2 class=\"elementor-heading-title elementor-size-default\">Sobre el SDDP 18<\/h2>\t\t\t\t<\/div>\n\t\t\t\t<\/div>\n\t\t\t\t<div class=\"elementor-element elementor-element-18a8e0a2 elementor-widget__width-initial elementor-widget elementor-widget-text-editor\" data-id=\"18a8e0a2\" data-element_type=\"widget\" data-e-type=\"widget\" data-widget_type=\"text-editor.default\">\n\t\t\t\t<div class=\"elementor-widget-container\">\n\t\t\t\t\t\t\t\t\t<p><strong>El SDDP 18 marca un gran hito en el an\u00e1lisis energ\u00e9tico. <\/strong>Esta versi\u00f3n re\u00fane operaci\u00f3n, expansi\u00f3n, mantenimiento y planificaci\u00f3n de la confiabilidad en una \u00fanica plataforma totalmente integrada, que combina capacidades avanzadas de modelaci\u00f3n, una interfaz redise\u00f1ada y una potente automatizaci\u00f3n para una toma de decisiones transparente y consistente en distintos horizontes temporales y tecnolog\u00edas.<\/p>\n<p>Experimente nuestra nueva plataforma integrada de planificaci\u00f3n de sistemas de energ\u00eda que unifica SDDP, OptGen, CORAL y OptMain.<\/p>\n\t\t\t\t\t\t\t\t<\/div>\n\t\t\t\t<\/div>\n\t\t\t\t<div class=\"vamtam-has-theme-widget-styles elementor-element elementor-element-5ee08aff elementor-widget__width-initial elementor-widget elementor-widget-button\" data-id=\"5ee08aff\" data-element_type=\"widget\" data-e-type=\"widget\" data-widget_type=\"button.default\">\n\t\t\t\t<div class=\"elementor-widget-container\">\n\t\t\t\t\t\t\t\t\t<div class=\"elementor-button-wrapper\">\n\t\t\t\t\t<a class=\"elementor-button elementor-button-link elementor-size-sm\" href=\"https:\/\/sddp-release-notes.psr-inc.com\/\" target=\"_blank\">\n\t\t\t\t\t\t<span class=\"elementor-button-content-wrapper\">\n\t\t\t\t\t\t\t\t\t<span class=\"elementor-button-text\">Vea las notas de la versi\u00f3n<\/span>\n\t\t\t\t\t<\/span>\n\t\t\t\t\t<\/a>\n\t\t\t\t<\/div>\n\t\t\t\t\t\t\t\t<\/div>\n\t\t\t\t<\/div>\n\t\t\t\t<\/div>\n\t\t\t\t<\/div>\n\t\t\t\t\t<\/div>\n\t\t\t\t<\/div>\n\t\t<div class=\"elementor-element elementor-element-48192 e-con-full e-flex e-con e-parent\" data-id=\"48192\" data-element_type=\"container\" data-e-type=\"container\">\n\t\t\t\t<div class=\"elementor-element elementor-element-246d2039 elementor-widget elementor-widget-template\" data-id=\"246d2039\" data-element_type=\"widget\" data-e-type=\"widget\" data-widget_type=\"template.default\">\n\t\t\t\t<div class=\"elementor-widget-container\">\n\t\t\t\t\t\t\t<div class=\"elementor-template\">\n\t\t\t\t\t<div data-elementor-type=\"container\" data-elementor-id=\"1010358\" class=\"elementor elementor-1010358\" data-elementor-post-type=\"elementor_library\">\n\t\t\t\t<div data-dce-background-overlay-color=\"#163F55\" data-dce-background-image-url=\"https:\/\/www.psr-inc.com\/wp-content\/uploads\/2025\/05\/section-support.png\" class=\"elementor-element elementor-element-17a708d2 e-flex e-con-boxed e-con e-parent\" data-id=\"17a708d2\" data-element_type=\"container\" data-e-type=\"container\" data-settings=\"{&quot;background_background&quot;:&quot;classic&quot;}\">\n\t\t\t\t\t<div class=\"e-con-inner\">\n\t\t<div class=\"elementor-element elementor-element-2d94b4a e-flex e-con-boxed e-con e-child\" data-id=\"2d94b4a\" data-element_type=\"container\" data-e-type=\"container\">\n\t\t\t\t\t<div class=\"e-con-inner\">\n\t\t\t\t<div class=\"elementor-element elementor-element-663a8d8b elementor-widget elementor-widget-heading\" data-id=\"663a8d8b\" data-element_type=\"widget\" data-e-type=\"widget\" data-widget_type=\"heading.default\">\n\t\t\t\t<div class=\"elementor-widget-container\">\n\t\t\t\t\t<h2 class=\"elementor-heading-title elementor-size-default\">Suporte e treinamentos<\/h2>\t\t\t\t<\/div>\n\t\t\t\t<\/div>\n\t\t\t\t<div class=\"elementor-element elementor-element-41429a52 elementor-widget__width-initial elementor-widget elementor-widget-heading\" data-id=\"41429a52\" data-element_type=\"widget\" data-e-type=\"widget\" data-widget_type=\"heading.default\">\n\t\t\t\t<div class=\"elementor-widget-container\">\n\t\t\t\t\t<div class=\"elementor-heading-title elementor-size-default\">Nossa equipe oferece n\u00e3o apenas suporte t\u00e9cnico sobre os softwares, mas tamb\u00e9m uma plataforma interativa de base de conhecimento e a possibilidade de organizar sess\u00f5es de treinamento.<\/div>\t\t\t\t<\/div>\n\t\t\t\t<\/div>\n\t\t\t\t<div class=\"vamtam-has-theme-widget-styles elementor-element elementor-element-5d06b50d elementor-widget elementor-widget-button\" data-id=\"5d06b50d\" data-element_type=\"widget\" data-e-type=\"widget\" data-widget_type=\"button.default\">\n\t\t\t\t<div class=\"elementor-widget-container\">\n\t\t\t\t\t\t\t\t\t<div class=\"elementor-button-wrapper\">\n\t\t\t\t\t<a class=\"elementor-button elementor-button-link elementor-size-sm\" href=\"https:\/\/www.psr-inc.com\/pt-br\/software\/suporte\/\">\n\t\t\t\t\t\t<span class=\"elementor-button-content-wrapper\">\n\t\t\t\t\t\t\t\t\t<span class=\"elementor-button-text\">Saiba mais<\/span>\n\t\t\t\t\t<\/span>\n\t\t\t\t\t<\/a>\n\t\t\t\t<\/div>\n\t\t\t\t\t\t\t\t<\/div>\n\t\t\t\t<\/div>\n\t\t\t\t\t<\/div>\n\t\t\t\t<\/div>\n\t\t\t\t\t<\/div>\n\t\t\t\t<\/div>\n\t\t\t\t<\/div>\n\t\t\t\t<\/div>\n\t\t\t\t\t\t<\/div>\n\t\t\t\t<\/div>\n\t\t\t\t<\/div>\n\t\t\t\t<\/div>\n\t\t","protected":false},"excerpt":{"rendered":"<p>Software OptGen &#8211; Integrated Resource Planning Archivos de descarga del OptGen A partir de la versi\u00f3n 9.0, OptGen pasar\u00e1 a estar incluido en la plataforma SDDP 18. Version Release date Windows Linux Release site 9.0 NEW July, 2025 Download Download View 8.2 February, 2025 Download Download View Sobre el SDDP 18 El SDDP 18 marca&#8230;<\/p>\n","protected":false},"author":1,"featured_media":0,"parent":1007208,"menu_order":0,"comment_status":"closed","ping_status":"closed","template":"","meta":{"_acf_changed":false,"footnotes":""},"class_list":["post-1010397","page","type-page","status-publish","hentry"],"acf":[],"yoast_head":"<!-- This site is optimized with the Yoast SEO plugin v27.3 - https:\/\/yoast.com\/product\/yoast-seo-wordpress\/ -->\n<title>Download del OptGen - PSR Energy<\/title>\n<meta name=\"description\" content=\"Descargue ahora los archivos para Windows o Linux y comience a disfrutar todo el poder de OptGen.\" \/>\n<meta name=\"robots\" content=\"index, follow, max-snippet:-1, max-image-preview:large, max-video-preview:-1\" \/>\n<link rel=\"canonical\" href=\"https:\/\/www.psr-inc.com\/es\/software\/optgen\/download-optgen\/\" \/>\n<meta property=\"og:locale\" content=\"es_ES\" \/>\n<meta property=\"og:type\" content=\"article\" \/>\n<meta property=\"og:title\" content=\"Download del OptGen - PSR Energy\" \/>\n<meta property=\"og:description\" content=\"Descargue ahora los archivos para Windows o Linux y comience a disfrutar todo el poder de OptGen.\" \/>\n<meta property=\"og:url\" content=\"https:\/\/www.psr-inc.com\/es\/software\/optgen\/download-optgen\/\" \/>\n<meta property=\"og:site_name\" content=\"PSR Energy\" \/>\n<meta property=\"article:publisher\" content=\"https:\/\/www.facebook.com\/psrenergy\" \/>\n<meta property=\"article:modified_time\" content=\"2025-12-12T10:58:34+00:00\" \/>\n<meta property=\"og:image\" content=\"https:\/\/novosite.psr-inc.com\/wp-content\/uploads\/2025\/06\/optgen-software-psr.svg\" \/>\n<meta name=\"twitter:card\" content=\"summary_large_image\" \/>\n<meta name=\"twitter:site\" content=\"@psrenergy\" \/>\n<meta name=\"twitter:label1\" content=\"Tiempo de lectura\" \/>\n\t<meta name=\"twitter:data1\" content=\"7 minutos\" \/>\n<script type=\"application\/ld+json\" class=\"yoast-schema-graph\">{\"@context\":\"https:\\\/\\\/schema.org\",\"@graph\":[{\"@type\":\"WebPage\",\"@id\":\"https:\\\/\\\/www.psr-inc.com\\\/es\\\/software\\\/optgen\\\/download-optgen\\\/\",\"url\":\"https:\\\/\\\/www.psr-inc.com\\\/es\\\/software\\\/optgen\\\/download-optgen\\\/\",\"name\":\"Download del OptGen - PSR Energy\",\"isPartOf\":{\"@id\":\"https:\\\/\\\/www.psr-inc.com\\\/es\\\/#website\"},\"primaryImageOfPage\":{\"@id\":\"https:\\\/\\\/www.psr-inc.com\\\/es\\\/software\\\/optgen\\\/download-optgen\\\/#primaryimage\"},\"image\":{\"@id\":\"https:\\\/\\\/www.psr-inc.com\\\/es\\\/software\\\/optgen\\\/download-optgen\\\/#primaryimage\"},\"thumbnailUrl\":\"https:\\\/\\\/novosite.psr-inc.com\\\/wp-content\\\/uploads\\\/2025\\\/06\\\/optgen-software-psr.svg\",\"datePublished\":\"2025-09-29T19:12:24+00:00\",\"dateModified\":\"2025-12-12T10:58:34+00:00\",\"description\":\"Descargue ahora los archivos para Windows o Linux y comience a disfrutar todo el poder de OptGen.\",\"breadcrumb\":{\"@id\":\"https:\\\/\\\/www.psr-inc.com\\\/es\\\/software\\\/optgen\\\/download-optgen\\\/#breadcrumb\"},\"inLanguage\":\"es\",\"potentialAction\":[{\"@type\":\"ReadAction\",\"target\":[\"https:\\\/\\\/www.psr-inc.com\\\/es\\\/software\\\/optgen\\\/download-optgen\\\/\"]}]},{\"@type\":\"ImageObject\",\"inLanguage\":\"es\",\"@id\":\"https:\\\/\\\/www.psr-inc.com\\\/es\\\/software\\\/optgen\\\/download-optgen\\\/#primaryimage\",\"url\":\"https:\\\/\\\/novosite.psr-inc.com\\\/wp-content\\\/uploads\\\/2025\\\/06\\\/optgen-software-psr.svg\",\"contentUrl\":\"https:\\\/\\\/novosite.psr-inc.com\\\/wp-content\\\/uploads\\\/2025\\\/06\\\/optgen-software-psr.svg\"},{\"@type\":\"BreadcrumbList\",\"@id\":\"https:\\\/\\\/www.psr-inc.com\\\/es\\\/software\\\/optgen\\\/download-optgen\\\/#breadcrumb\",\"itemListElement\":[{\"@type\":\"ListItem\",\"position\":1,\"name\":\"Home\",\"item\":\"https:\\\/\\\/www.psr-inc.com\\\/es\\\/\"},{\"@type\":\"ListItem\",\"position\":2,\"name\":\"Software\",\"item\":\"https:\\\/\\\/www.psr-inc.com\\\/es\\\/software\\\/\"},{\"@type\":\"ListItem\",\"position\":3,\"name\":\"OptGen &#8211; Planificaci\u00f3n Integrada de Recursos\",\"item\":\"https:\\\/\\\/www.psr-inc.com\\\/es\\\/software\\\/optgen\\\/\"},{\"@type\":\"ListItem\",\"position\":4,\"name\":\"OptGen &#8211; Download\"}]},{\"@type\":\"WebSite\",\"@id\":\"https:\\\/\\\/www.psr-inc.com\\\/es\\\/#website\",\"url\":\"https:\\\/\\\/www.psr-inc.com\\\/es\\\/\",\"name\":\"PSR\",\"description\":\"\",\"publisher\":{\"@id\":\"https:\\\/\\\/www.psr-inc.com\\\/es\\\/#organization\"},\"alternateName\":\"PSR Energy Consulting\",\"potentialAction\":[{\"@type\":\"SearchAction\",\"target\":{\"@type\":\"EntryPoint\",\"urlTemplate\":\"https:\\\/\\\/www.psr-inc.com\\\/es\\\/?s={search_term_string}\"},\"query-input\":{\"@type\":\"PropertyValueSpecification\",\"valueRequired\":true,\"valueName\":\"search_term_string\"}}],\"inLanguage\":\"es\"},{\"@type\":\"Organization\",\"@id\":\"https:\\\/\\\/www.psr-inc.com\\\/es\\\/#organization\",\"name\":\"PSR\",\"alternateName\":\"PSR Energy Consulting\",\"url\":\"https:\\\/\\\/www.psr-inc.com\\\/es\\\/\",\"logo\":{\"@type\":\"ImageObject\",\"inLanguage\":\"es\",\"@id\":\"https:\\\/\\\/www.psr-inc.com\\\/es\\\/#\\\/schema\\\/logo\\\/image\\\/\",\"url\":\"https:\\\/\\\/www.psr-inc.com\\\/wp-content\\\/uploads\\\/2023\\\/03\\\/logo-psr.svg\",\"contentUrl\":\"https:\\\/\\\/www.psr-inc.com\\\/wp-content\\\/uploads\\\/2023\\\/03\\\/logo-psr.svg\",\"width\":1056,\"height\":816,\"caption\":\"PSR\"},\"image\":{\"@id\":\"https:\\\/\\\/www.psr-inc.com\\\/es\\\/#\\\/schema\\\/logo\\\/image\\\/\"},\"sameAs\":[\"https:\\\/\\\/www.facebook.com\\\/psrenergy\",\"https:\\\/\\\/x.com\\\/psrenergy\",\"https:\\\/\\\/www.instagram.com\\\/psrenergy\\\/\",\"https:\\\/\\\/www.linkedin.com\\\/company\\\/psrenergy\\\/\"]}]}<\/script>\n<!-- \/ Yoast SEO plugin. -->","yoast_head_json":{"title":"Download del OptGen - PSR Energy","description":"Descargue ahora los archivos para Windows o Linux y comience a disfrutar todo el poder de OptGen.","robots":{"index":"index","follow":"follow","max-snippet":"max-snippet:-1","max-image-preview":"max-image-preview:large","max-video-preview":"max-video-preview:-1"},"canonical":"https:\/\/www.psr-inc.com\/es\/software\/optgen\/download-optgen\/","og_locale":"es_ES","og_type":"article","og_title":"Download del OptGen - PSR Energy","og_description":"Descargue ahora los archivos para Windows o Linux y comience a disfrutar todo el poder de OptGen.","og_url":"https:\/\/www.psr-inc.com\/es\/software\/optgen\/download-optgen\/","og_site_name":"PSR Energy","article_publisher":"https:\/\/www.facebook.com\/psrenergy","article_modified_time":"2025-12-12T10:58:34+00:00","og_image":[{"url":"https:\/\/novosite.psr-inc.com\/wp-content\/uploads\/2025\/06\/optgen-software-psr.svg","type":"","width":"","height":""}],"twitter_card":"summary_large_image","twitter_site":"@psrenergy","twitter_misc":{"Tiempo de lectura":"7 minutos"},"schema":{"@context":"https:\/\/schema.org","@graph":[{"@type":"WebPage","@id":"https:\/\/www.psr-inc.com\/es\/software\/optgen\/download-optgen\/","url":"https:\/\/www.psr-inc.com\/es\/software\/optgen\/download-optgen\/","name":"Download del OptGen - PSR Energy","isPartOf":{"@id":"https:\/\/www.psr-inc.com\/es\/#website"},"primaryImageOfPage":{"@id":"https:\/\/www.psr-inc.com\/es\/software\/optgen\/download-optgen\/#primaryimage"},"image":{"@id":"https:\/\/www.psr-inc.com\/es\/software\/optgen\/download-optgen\/#primaryimage"},"thumbnailUrl":"https:\/\/novosite.psr-inc.com\/wp-content\/uploads\/2025\/06\/optgen-software-psr.svg","datePublished":"2025-09-29T19:12:24+00:00","dateModified":"2025-12-12T10:58:34+00:00","description":"Descargue ahora los archivos para Windows o Linux y comience a disfrutar todo el poder de OptGen.","breadcrumb":{"@id":"https:\/\/www.psr-inc.com\/es\/software\/optgen\/download-optgen\/#breadcrumb"},"inLanguage":"es","potentialAction":[{"@type":"ReadAction","target":["https:\/\/www.psr-inc.com\/es\/software\/optgen\/download-optgen\/"]}]},{"@type":"ImageObject","inLanguage":"es","@id":"https:\/\/www.psr-inc.com\/es\/software\/optgen\/download-optgen\/#primaryimage","url":"https:\/\/novosite.psr-inc.com\/wp-content\/uploads\/2025\/06\/optgen-software-psr.svg","contentUrl":"https:\/\/novosite.psr-inc.com\/wp-content\/uploads\/2025\/06\/optgen-software-psr.svg"},{"@type":"BreadcrumbList","@id":"https:\/\/www.psr-inc.com\/es\/software\/optgen\/download-optgen\/#breadcrumb","itemListElement":[{"@type":"ListItem","position":1,"name":"Home","item":"https:\/\/www.psr-inc.com\/es\/"},{"@type":"ListItem","position":2,"name":"Software","item":"https:\/\/www.psr-inc.com\/es\/software\/"},{"@type":"ListItem","position":3,"name":"OptGen &#8211; Planificaci\u00f3n Integrada de Recursos","item":"https:\/\/www.psr-inc.com\/es\/software\/optgen\/"},{"@type":"ListItem","position":4,"name":"OptGen &#8211; Download"}]},{"@type":"WebSite","@id":"https:\/\/www.psr-inc.com\/es\/#website","url":"https:\/\/www.psr-inc.com\/es\/","name":"PSR","description":"","publisher":{"@id":"https:\/\/www.psr-inc.com\/es\/#organization"},"alternateName":"PSR Energy Consulting","potentialAction":[{"@type":"SearchAction","target":{"@type":"EntryPoint","urlTemplate":"https:\/\/www.psr-inc.com\/es\/?s={search_term_string}"},"query-input":{"@type":"PropertyValueSpecification","valueRequired":true,"valueName":"search_term_string"}}],"inLanguage":"es"},{"@type":"Organization","@id":"https:\/\/www.psr-inc.com\/es\/#organization","name":"PSR","alternateName":"PSR Energy Consulting","url":"https:\/\/www.psr-inc.com\/es\/","logo":{"@type":"ImageObject","inLanguage":"es","@id":"https:\/\/www.psr-inc.com\/es\/#\/schema\/logo\/image\/","url":"https:\/\/www.psr-inc.com\/wp-content\/uploads\/2023\/03\/logo-psr.svg","contentUrl":"https:\/\/www.psr-inc.com\/wp-content\/uploads\/2023\/03\/logo-psr.svg","width":1056,"height":816,"caption":"PSR"},"image":{"@id":"https:\/\/www.psr-inc.com\/es\/#\/schema\/logo\/image\/"},"sameAs":["https:\/\/www.facebook.com\/psrenergy","https:\/\/x.com\/psrenergy","https:\/\/www.instagram.com\/psrenergy\/","https:\/\/www.linkedin.com\/company\/psrenergy\/"]}]}},"_links":{"self":[{"href":"https:\/\/www.psr-inc.com\/es\/wp-json\/wp\/v2\/pages\/1010397","targetHints":{"allow":["GET"]}}],"collection":[{"href":"https:\/\/www.psr-inc.com\/es\/wp-json\/wp\/v2\/pages"}],"about":[{"href":"https:\/\/www.psr-inc.com\/es\/wp-json\/wp\/v2\/types\/page"}],"author":[{"embeddable":true,"href":"https:\/\/www.psr-inc.com\/es\/wp-json\/wp\/v2\/users\/1"}],"replies":[{"embeddable":true,"href":"https:\/\/www.psr-inc.com\/es\/wp-json\/wp\/v2\/comments?post=1010397"}],"version-history":[{"count":5,"href":"https:\/\/www.psr-inc.com\/es\/wp-json\/wp\/v2\/pages\/1010397\/revisions"}],"predecessor-version":[{"id":1012422,"href":"https:\/\/www.psr-inc.com\/es\/wp-json\/wp\/v2\/pages\/1010397\/revisions\/1012422"}],"up":[{"embeddable":true,"href":"https:\/\/www.psr-inc.com\/es\/wp-json\/wp\/v2\/pages\/1007208"}],"wp:attachment":[{"href":"https:\/\/www.psr-inc.com\/es\/wp-json\/wp\/v2\/media?parent=1010397"}],"curies":[{"name":"wp","href":"https:\/\/api.w.org\/{rel}","templated":true}]}}