{"id":988675,"date":"2025-04-08T18:12:24","date_gmt":"2025-04-08T21:12:24","guid":{"rendered":"https:\/\/novosite.psr-inc.com\/?page_id=988675"},"modified":"2025-04-12T20:31:53","modified_gmt":"2025-04-12T23:31:53","slug":"equipe-single","status":"publish","type":"page","link":"https:\/\/www.psr-inc.com\/pt-br\/equipe-single\/","title":{"rendered":"Mario Veiga Pereira, DSc"},"content":{"rendered":"<div class=\"vgblk-rw-wrapper limit-wrapper\"><p>Desde o in\u00edcio na PSR, Mario foi o fundador da empresa em 1987 e CEO at\u00e9 dezembro de 2018, quando se tornou Chief Innovation Officer (CINO).<\/p>\n<h3>Forma\u00e7\u00e3o Acad\u00eamica<\/h3>\n<ul>\n<li>DSc em Otimiza\u00e7\u00e3o \u2013 COPPE\/UFRJ<\/li>\n<li>MSc em Otimiza\u00e7\u00e3o \u2013 COPPE\/UFRJ<\/li>\n<li>BSc em Engenharia El\u00e9trica \u2013 PUC-Rio<\/li>\n<\/ul>\n<h3>Experi\u00eancia Profissional<\/h3>\n<ul>\n<li>No Brasil, assessorou a maioria dos investidores internacionais e locais na contrata\u00e7\u00e3o de estrat\u00e9gias, aquisi\u00e7\u00f5es e investimentos em nova capacidade.<\/li>\n<li>Foi o principal formulador dos leil\u00f5es de contrata\u00e7\u00e3o de energia do Brasil (80 GW de nova capacidade de gera\u00e7\u00e3o contratada desde 2005, por aproximadamente US$ 550 bilh\u00f5es).<\/li>\n<li>Co-projetou o programa de bioeletricidade do Brasil, al\u00e9m de desenvolver metodologias para leil\u00f5es de energia e\u00f3lica.<\/li>\n<li>\u00c9 Fellow do IEEE e membro da Academia Brasileira de Ci\u00eancias e da Academia Nacional de Engenharia.<\/li>\n<li>Foi o idealizador da metodologia de programa\u00e7\u00e3o din\u00e2mica estoc\u00e1stica dual (PDDE), utilizada em dezenas de pa\u00edses para otimiza\u00e7\u00e3o de sistemas energ\u00e9ticos. Em ingl\u00eas \u00e9 chamada de\u00a0<em>Stochastic Dual Dynamic Programming\u00a0<\/em>(SDDP).<\/li>\n<li>Recebeu a Medalha Presidencial do Rio Branco por sua contribui\u00e7\u00e3o ao setor el\u00e9trico brasileiro; a Medalha de M\u00e9rito Cient\u00edfico por suas contribui\u00e7\u00f5es de pesquisa; e \u00e9 co-recipente do Pr\u00eamio Franz Edelman pelo desenvolvimento de ferramentas de otimiza\u00e7\u00e3o estoc\u00e1stica para a opera\u00e7\u00e3o de sistemas hidrot\u00e9rmicos.<\/li>\n<li>\u00c9 autor e co-autor de quatro livros e cerca de 200 artigos em peri\u00f3dicos internacionais.<\/li>\n<li>Recentemente, em 2021, foi eleito para a\u00a0<em>National Academy of Engineering<\/em>\u00a0(NAE) dos EUA.<\/li>\n<\/ul>\n<p>\t\t\t\t\t<a role=\"button\"><br \/>\n\t\t\t\t\t\t\t\t\tVoltar para a Equipe PSR<br \/>\n\t\t\t\t\t<\/a><\/p>\n\n\n<p><\/p>\n<\/div><!-- .vgblk-rw-wrapper -->","protected":false},"excerpt":{"rendered":"<p>Founding Director<\/p>\n","protected":false},"author":1,"featured_media":0,"parent":0,"menu_order":0,"comment_status":"closed","ping_status":"closed","template":"","meta":{"_acf_changed":false,"footnotes":""},"class_list":["post-988675","page","type-page","status-publish","hentry"],"acf":[],"yoast_head":"<!-- This site is optimized with the Yoast SEO plugin v27.4 - https:\/\/yoast.com\/product\/yoast-seo-wordpress\/ -->\n<title>Mario Veiga Pereira, DSc - PSR Energy<\/title>\n<meta name=\"robots\" content=\"index, follow, max-snippet:-1, max-image-preview:large, max-video-preview:-1\" \/>\n<link rel=\"canonical\" href=\"https:\/\/www.psr-inc.com\/pt-br\/equipe-single\/\" \/>\n<meta property=\"og:locale\" content=\"pt_BR\" \/>\n<meta property=\"og:type\" content=\"article\" \/>\n<meta property=\"og:title\" content=\"Mario Veiga Pereira, DSc - PSR Energy\" \/>\n<meta property=\"og:description\" content=\"Founding Director\" \/>\n<meta property=\"og:url\" content=\"https:\/\/www.psr-inc.com\/pt-br\/equipe-single\/\" \/>\n<meta property=\"og:site_name\" content=\"PSR Energy\" \/>\n<meta property=\"article:publisher\" content=\"https:\/\/www.facebook.com\/psrenergy\" \/>\n<meta property=\"article:modified_time\" content=\"2025-04-12T23:31:53+00:00\" \/>\n<meta name=\"twitter:card\" content=\"summary_large_image\" \/>\n<meta name=\"twitter:site\" content=\"@psrenergy\" \/>\n<meta name=\"twitter:label1\" content=\"Est. tempo de leitura\" \/>\n\t<meta name=\"twitter:data1\" content=\"1 minuto\" \/>\n<script type=\"application\/ld+json\" class=\"yoast-schema-graph\">{\"@context\":\"https:\\\/\\\/schema.org\",\"@graph\":[{\"@type\":\"WebPage\",\"@id\":\"https:\\\/\\\/www.psr-inc.com\\\/pt-br\\\/equipe-single\\\/\",\"url\":\"https:\\\/\\\/www.psr-inc.com\\\/pt-br\\\/equipe-single\\\/\",\"name\":\"Mario Veiga Pereira, DSc - PSR Energy\",\"isPartOf\":{\"@id\":\"https:\\\/\\\/www.psr-inc.com\\\/pt-br\\\/#website\"},\"datePublished\":\"2025-04-08T21:12:24+00:00\",\"dateModified\":\"2025-04-12T23:31:53+00:00\",\"breadcrumb\":{\"@id\":\"https:\\\/\\\/www.psr-inc.com\\\/pt-br\\\/equipe-single\\\/#breadcrumb\"},\"inLanguage\":\"pt-BR\",\"potentialAction\":[{\"@type\":\"ReadAction\",\"target\":[\"https:\\\/\\\/www.psr-inc.com\\\/pt-br\\\/equipe-single\\\/\"]}]},{\"@type\":\"BreadcrumbList\",\"@id\":\"https:\\\/\\\/www.psr-inc.com\\\/pt-br\\\/equipe-single\\\/#breadcrumb\",\"itemListElement\":[{\"@type\":\"ListItem\",\"position\":1,\"name\":\"Home\",\"item\":\"https:\\\/\\\/www.psr-inc.com\\\/pt-br\\\/\"},{\"@type\":\"ListItem\",\"position\":2,\"name\":\"Mario Veiga Pereira, DSc\"}]},{\"@type\":\"WebSite\",\"@id\":\"https:\\\/\\\/www.psr-inc.com\\\/pt-br\\\/#website\",\"url\":\"https:\\\/\\\/www.psr-inc.com\\\/pt-br\\\/\",\"name\":\"PSR\",\"description\":\"\",\"publisher\":{\"@id\":\"https:\\\/\\\/www.psr-inc.com\\\/pt-br\\\/#organization\"},\"alternateName\":\"PSR Energy Consulting\",\"potentialAction\":[{\"@type\":\"SearchAction\",\"target\":{\"@type\":\"EntryPoint\",\"urlTemplate\":\"https:\\\/\\\/www.psr-inc.com\\\/pt-br\\\/?s={search_term_string}\"},\"query-input\":{\"@type\":\"PropertyValueSpecification\",\"valueRequired\":true,\"valueName\":\"search_term_string\"}}],\"inLanguage\":\"pt-BR\"},{\"@type\":\"Organization\",\"@id\":\"https:\\\/\\\/www.psr-inc.com\\\/pt-br\\\/#organization\",\"name\":\"PSR\",\"alternateName\":\"PSR Energy Consulting\",\"url\":\"https:\\\/\\\/www.psr-inc.com\\\/pt-br\\\/\",\"logo\":{\"@type\":\"ImageObject\",\"inLanguage\":\"pt-BR\",\"@id\":\"https:\\\/\\\/www.psr-inc.com\\\/pt-br\\\/#\\\/schema\\\/logo\\\/image\\\/\",\"url\":\"https:\\\/\\\/www.psr-inc.com\\\/wp-content\\\/uploads\\\/2023\\\/03\\\/logo-psr.svg\",\"contentUrl\":\"https:\\\/\\\/www.psr-inc.com\\\/wp-content\\\/uploads\\\/2023\\\/03\\\/logo-psr.svg\",\"width\":1056,\"height\":816,\"caption\":\"PSR\"},\"image\":{\"@id\":\"https:\\\/\\\/www.psr-inc.com\\\/pt-br\\\/#\\\/schema\\\/logo\\\/image\\\/\"},\"sameAs\":[\"https:\\\/\\\/www.facebook.com\\\/psrenergy\",\"https:\\\/\\\/x.com\\\/psrenergy\",\"https:\\\/\\\/www.instagram.com\\\/psrenergy\\\/\",\"https:\\\/\\\/www.linkedin.com\\\/company\\\/psrenergy\\\/\"]}]}<\/script>\n<!-- \/ Yoast SEO plugin. -->","yoast_head_json":{"title":"Mario Veiga Pereira, DSc - PSR Energy","robots":{"index":"index","follow":"follow","max-snippet":"max-snippet:-1","max-image-preview":"max-image-preview:large","max-video-preview":"max-video-preview:-1"},"canonical":"https:\/\/www.psr-inc.com\/pt-br\/equipe-single\/","og_locale":"pt_BR","og_type":"article","og_title":"Mario Veiga Pereira, DSc - PSR Energy","og_description":"Founding Director","og_url":"https:\/\/www.psr-inc.com\/pt-br\/equipe-single\/","og_site_name":"PSR Energy","article_publisher":"https:\/\/www.facebook.com\/psrenergy","article_modified_time":"2025-04-12T23:31:53+00:00","twitter_card":"summary_large_image","twitter_site":"@psrenergy","twitter_misc":{"Est. tempo de leitura":"1 minuto"},"schema":{"@context":"https:\/\/schema.org","@graph":[{"@type":"WebPage","@id":"https:\/\/www.psr-inc.com\/pt-br\/equipe-single\/","url":"https:\/\/www.psr-inc.com\/pt-br\/equipe-single\/","name":"Mario Veiga Pereira, DSc - PSR Energy","isPartOf":{"@id":"https:\/\/www.psr-inc.com\/pt-br\/#website"},"datePublished":"2025-04-08T21:12:24+00:00","dateModified":"2025-04-12T23:31:53+00:00","breadcrumb":{"@id":"https:\/\/www.psr-inc.com\/pt-br\/equipe-single\/#breadcrumb"},"inLanguage":"pt-BR","potentialAction":[{"@type":"ReadAction","target":["https:\/\/www.psr-inc.com\/pt-br\/equipe-single\/"]}]},{"@type":"BreadcrumbList","@id":"https:\/\/www.psr-inc.com\/pt-br\/equipe-single\/#breadcrumb","itemListElement":[{"@type":"ListItem","position":1,"name":"Home","item":"https:\/\/www.psr-inc.com\/pt-br\/"},{"@type":"ListItem","position":2,"name":"Mario Veiga Pereira, DSc"}]},{"@type":"WebSite","@id":"https:\/\/www.psr-inc.com\/pt-br\/#website","url":"https:\/\/www.psr-inc.com\/pt-br\/","name":"PSR","description":"","publisher":{"@id":"https:\/\/www.psr-inc.com\/pt-br\/#organization"},"alternateName":"PSR Energy Consulting","potentialAction":[{"@type":"SearchAction","target":{"@type":"EntryPoint","urlTemplate":"https:\/\/www.psr-inc.com\/pt-br\/?s={search_term_string}"},"query-input":{"@type":"PropertyValueSpecification","valueRequired":true,"valueName":"search_term_string"}}],"inLanguage":"pt-BR"},{"@type":"Organization","@id":"https:\/\/www.psr-inc.com\/pt-br\/#organization","name":"PSR","alternateName":"PSR Energy Consulting","url":"https:\/\/www.psr-inc.com\/pt-br\/","logo":{"@type":"ImageObject","inLanguage":"pt-BR","@id":"https:\/\/www.psr-inc.com\/pt-br\/#\/schema\/logo\/image\/","url":"https:\/\/www.psr-inc.com\/wp-content\/uploads\/2023\/03\/logo-psr.svg","contentUrl":"https:\/\/www.psr-inc.com\/wp-content\/uploads\/2023\/03\/logo-psr.svg","width":1056,"height":816,"caption":"PSR"},"image":{"@id":"https:\/\/www.psr-inc.com\/pt-br\/#\/schema\/logo\/image\/"},"sameAs":["https:\/\/www.facebook.com\/psrenergy","https:\/\/x.com\/psrenergy","https:\/\/www.instagram.com\/psrenergy\/","https:\/\/www.linkedin.com\/company\/psrenergy\/"]}]}},"_links":{"self":[{"href":"https:\/\/www.psr-inc.com\/pt-br\/wp-json\/wp\/v2\/pages\/988675","targetHints":{"allow":["GET"]}}],"collection":[{"href":"https:\/\/www.psr-inc.com\/pt-br\/wp-json\/wp\/v2\/pages"}],"about":[{"href":"https:\/\/www.psr-inc.com\/pt-br\/wp-json\/wp\/v2\/types\/page"}],"author":[{"embeddable":true,"href":"https:\/\/www.psr-inc.com\/pt-br\/wp-json\/wp\/v2\/users\/1"}],"replies":[{"embeddable":true,"href":"https:\/\/www.psr-inc.com\/pt-br\/wp-json\/wp\/v2\/comments?post=988675"}],"version-history":[{"count":12,"href":"https:\/\/www.psr-inc.com\/pt-br\/wp-json\/wp\/v2\/pages\/988675\/revisions"}],"predecessor-version":[{"id":989287,"href":"https:\/\/www.psr-inc.com\/pt-br\/wp-json\/wp\/v2\/pages\/988675\/revisions\/989287"}],"wp:attachment":[{"href":"https:\/\/www.psr-inc.com\/pt-br\/wp-json\/wp\/v2\/media?parent=988675"}],"curies":[{"name":"wp","href":"https:\/\/api.w.org\/{rel}","templated":true}]}}