{"id":988690,"date":"2025-04-08T18:46:12","date_gmt":"2025-04-08T21:46:12","guid":{"rendered":"https:\/\/novosite.psr-inc.com\/?page_id=988690"},"modified":"2025-04-08T19:00:55","modified_gmt":"2025-04-08T22:00:55","slug":"luiz-augusto-barroso-dsc","status":"publish","type":"page","link":"https:\/\/www.psr-inc.com\/pt-br\/luiz-augusto-barroso-dsc\/","title":{"rendered":"Luiz Augusto Barroso, DSc"},"content":{"rendered":"\t\t<div data-elementor-type=\"wp-page\" data-elementor-id=\"988690\" class=\"elementor elementor-988690\" data-elementor-post-type=\"page\">\n\t\t\t\t\t\t<section class=\"elementor-section elementor-top-section elementor-element elementor-element-66501ac3 elementor-section-full_width elementor-section-height-default elementor-section-height-default\" data-id=\"66501ac3\" data-element_type=\"section\" data-e-type=\"section\">\n\t\t\t\t\t\t<div class=\"elementor-container elementor-column-gap-no\">\n\t\t\t\t\t<div class=\"elementor-column elementor-col-100 elementor-top-column elementor-element elementor-element-25ebd05\" data-id=\"25ebd05\" data-element_type=\"column\" data-e-type=\"column\">\n\t\t\t<div class=\"elementor-widget-wrap elementor-element-populated\">\n\t\t\t\t\t\t<div class=\"elementor-element elementor-element-7fc182ec elementor-widget elementor-widget-text-editor\" data-id=\"7fc182ec\" data-element_type=\"widget\" data-e-type=\"widget\" data-widget_type=\"text-editor.default\">\n\t\t\t\t<div class=\"elementor-widget-container\">\n\t\t\t\t\t\t\t\t\t<p>Desde 1998 na PSR, atualmente \u00e9 diretor presidente, CEO.<\/p>\t\t\t\t\t\t\t\t<\/div>\n\t\t\t\t<\/div>\n\t\t\t\t<div class=\"elementor-element elementor-element-bbdfd97 elementor-widget elementor-widget-heading\" data-id=\"bbdfd97\" data-element_type=\"widget\" data-e-type=\"widget\" data-widget_type=\"heading.default\">\n\t\t\t\t<div class=\"elementor-widget-container\">\n\t\t\t\t\t<h3 class=\"elementor-heading-title elementor-size-default\">Forma\u00e7\u00e3o Acad\u00eamica<\/h3>\t\t\t\t<\/div>\n\t\t\t\t<\/div>\n\t\t\t\t<div class=\"elementor-element elementor-element-6e4c7f2 elementor-widget elementor-widget-text-editor\" data-id=\"6e4c7f2\" data-element_type=\"widget\" data-e-type=\"widget\" data-widget_type=\"text-editor.default\">\n\t\t\t\t<div class=\"elementor-widget-container\">\n\t\t\t\t\t\t\t\t\t<ul><li>DSc em Engenharia de Sistemas \u2013 UFRJ<\/li><li>MSc em Matem\u00e1tica Aplicada \u2013 UFRJ<\/li><li>BSc em Matem\u00e1tica \u2013 UFRJ<\/li><\/ul>\t\t\t\t\t\t\t\t<\/div>\n\t\t\t\t<\/div>\n\t\t\t\t<div class=\"elementor-element elementor-element-db78214 elementor-widget elementor-widget-heading\" data-id=\"db78214\" data-element_type=\"widget\" data-e-type=\"widget\" data-widget_type=\"heading.default\">\n\t\t\t\t<div class=\"elementor-widget-container\">\n\t\t\t\t\t<h3 class=\"elementor-heading-title elementor-size-default\">Experi\u00eancia Profissional<\/h3>\t\t\t\t<\/div>\n\t\t\t\t<\/div>\n\t\t\t\t<div class=\"elementor-element elementor-element-f918047 elementor-widget elementor-widget-text-editor\" data-id=\"f918047\" data-element_type=\"widget\" data-e-type=\"widget\" data-widget_type=\"text-editor.default\">\n\t\t\t\t<div class=\"elementor-widget-container\">\n\t\t\t\t\t\t\t\t\t<ul><li>Possui uma experi\u00eancia integrada na ind\u00fastria, no governo e na academia, tendo atuado no Brasil e em mais de 30 pa\u00edses em \u00e1reas ligadas a pol\u00edticas p\u00fablicas, planejamento, opera\u00e7\u00e3o, regula\u00e7\u00e3o, economia e modelagem na ind\u00fastria de energia, sendo globalmente reconhecido.<\/li><li>Foi presidente da Empresa de Pesquisa Energ\u00e9tica (EPE) e respons\u00e1vel por estudos de planejamento energ\u00e9tico que apoiam as formula\u00e7\u00f5es de pol\u00edticas p\u00fablicas pelo Minist\u00e9rio de Minas e Energia (MME), o qual a empresa \u00e9 vinculada.<\/li><li>Desde 2013 \u00e9 pesquisador associado do Instituto de Investigaci\u00f3n Tecnol\u00f3gica (IIT) da universidade de Comillas em Madrid, Espanha.<\/li><li>Desde 2010 leciona anualmente na escola de ver\u00e3o em regula\u00e7\u00e3o de energia, organizada pela Florence School of Regulation (FSR), na It\u00e1lia.<\/li><li>Foi presidente do Painel E+, do Instituto E+ de Transi\u00e7\u00e3o Energ\u00e9tica de 2019 a 2023.<\/li><li>Em 2018 foi visitante na Ag\u00eancia Internacional de Energia (AIE) na Fran\u00e7a, atuando no rec\u00e9m-criado Programa de Transi\u00e7\u00f5es de Energia Limpa, um plano plurianual apoiado por 13 pa\u00edses para apoiar a transi\u00e7\u00e3o energ\u00e9tica em todo o mundo.<\/li><li>Em 2010 ganhou do\u00a0<em>Power and Energy Society<\/em>\u00a0(PES) do<em>\u00a0Institute of Electrical and Electronics Engineers<\/em>\u00a0(IEEE)\u00a0 o pr\u00eamio de Outstanding Young Engineer Award.<\/li><li>Em 2020 foi nomeado IEEE Fellow por sua lideran\u00e7a t\u00e9cnica mundial em m\u00e9todos anal\u00edticos para economia de energia, sistemas de pot\u00eancia e regula\u00e7\u00e3o.<\/li><li>\u00c9 autor ou coautor de 1 livro, 3 cap\u00edtulos de livros, cerca de 50 artigos em revistas indexadas e de cerca de 100 artigos em confer\u00eancias sobre temas relacionados a mercados de energia competitivos.<\/li><li>\u00c9 membro do comit\u00ea t\u00e9cnico de confer\u00eancias sobre mercados de energia el\u00e9trica e tribunais de defesa de teses de mestrado e doutorado no Brasil e no exterior.<\/li><li>Foi membro independente do Conselho de Administra\u00e7\u00e3o da Votorantim Energia, foi membro do Conselho de Administra\u00e7\u00e3o da EPE, do Operador Independente de Sistemas Brasileiro, e foi membro do Conselho Nacional de Pol\u00edtica Energ\u00e9tica e do Comit\u00ea de Monitoramento do Setor El\u00e9trico do Brasil.<\/li><\/ul>\t\t\t\t\t\t\t\t<\/div>\n\t\t\t\t<\/div>\n\t\t\t\t<div data-dce-background-color=\"#02010100\" class=\"vamtam-has-theme-widget-styles elementor-element elementor-element-735ae8cc vamtam-has-underline-anim elementor-widget__width-auto elementor-widget elementor-widget-button\" data-id=\"735ae8cc\" data-element_type=\"widget\" data-e-type=\"widget\" data-widget_type=\"button.default\">\n\t\t\t\t<div class=\"elementor-widget-container\">\n\t\t\t\t\t\t\t\t\t<div class=\"elementor-button-wrapper\">\n\t\t\t\t\t<a class=\"elementor-button elementor-button-link elementor-size-sm\" href=\"https:\/\/www.psr-inc.com\/pt-br\/equipe2\/\">\n\t\t\t\t\t\t<span class=\"elementor-button-content-wrapper\">\n\t\t\t\t\t\t\t\t\t<span class=\"elementor-button-text\">Voltar para a Equipe PSR<\/span>\n\t\t\t\t\t<\/span>\n\t\t\t\t\t<\/a>\n\t\t\t\t<\/div>\n\t\t\t\t\t\t\t\t<\/div>\n\t\t\t\t<\/div>\n\t\t\t\t\t<\/div>\n\t\t<\/div>\n\t\t\t\t\t<\/div>\n\t\t<\/section>\n\t\t\t\t<\/div>\n\t\t","protected":false},"excerpt":{"rendered":"<p>CEO<\/p>\n","protected":false},"author":1,"featured_media":0,"parent":0,"menu_order":0,"comment_status":"closed","ping_status":"closed","template":"","meta":{"_acf_changed":false,"footnotes":""},"class_list":["post-988690","page","type-page","status-publish","hentry"],"acf":[],"yoast_head":"<!-- This site is optimized with the Yoast SEO plugin v27.5 - https:\/\/yoast.com\/product\/yoast-seo-wordpress\/ -->\n<title>Luiz Augusto Barroso, DSc - PSR Energy<\/title>\n<meta name=\"robots\" content=\"index, follow, max-snippet:-1, max-image-preview:large, max-video-preview:-1\" \/>\n<link rel=\"canonical\" href=\"https:\/\/www.psr-inc.com\/pt-br\/luiz-augusto-barroso-dsc\/\" \/>\n<meta property=\"og:locale\" content=\"pt_BR\" \/>\n<meta property=\"og:type\" content=\"article\" \/>\n<meta property=\"og:title\" content=\"Luiz Augusto Barroso, DSc - PSR Energy\" \/>\n<meta property=\"og:description\" content=\"CEO\" \/>\n<meta property=\"og:url\" content=\"https:\/\/www.psr-inc.com\/pt-br\/luiz-augusto-barroso-dsc\/\" \/>\n<meta property=\"og:site_name\" content=\"PSR Energy\" \/>\n<meta property=\"article:publisher\" content=\"https:\/\/www.facebook.com\/psrenergy\" \/>\n<meta property=\"article:modified_time\" content=\"2025-04-08T22:00:55+00:00\" \/>\n<meta name=\"twitter:card\" content=\"summary_large_image\" \/>\n<meta name=\"twitter:site\" content=\"@psrenergy\" \/>\n<meta name=\"twitter:label1\" content=\"Est. tempo de leitura\" \/>\n\t<meta name=\"twitter:data1\" content=\"2 minutos\" \/>\n<script type=\"application\/ld+json\" class=\"yoast-schema-graph\">{\"@context\":\"https:\\\/\\\/schema.org\",\"@graph\":[{\"@type\":\"WebPage\",\"@id\":\"https:\\\/\\\/www.psr-inc.com\\\/pt-br\\\/luiz-augusto-barroso-dsc\\\/\",\"url\":\"https:\\\/\\\/www.psr-inc.com\\\/pt-br\\\/luiz-augusto-barroso-dsc\\\/\",\"name\":\"Luiz Augusto Barroso, DSc - PSR Energy\",\"isPartOf\":{\"@id\":\"https:\\\/\\\/www.psr-inc.com\\\/pt-br\\\/#website\"},\"datePublished\":\"2025-04-08T21:46:12+00:00\",\"dateModified\":\"2025-04-08T22:00:55+00:00\",\"breadcrumb\":{\"@id\":\"https:\\\/\\\/www.psr-inc.com\\\/pt-br\\\/luiz-augusto-barroso-dsc\\\/#breadcrumb\"},\"inLanguage\":\"pt-BR\",\"potentialAction\":[{\"@type\":\"ReadAction\",\"target\":[\"https:\\\/\\\/www.psr-inc.com\\\/pt-br\\\/luiz-augusto-barroso-dsc\\\/\"]}]},{\"@type\":\"BreadcrumbList\",\"@id\":\"https:\\\/\\\/www.psr-inc.com\\\/pt-br\\\/luiz-augusto-barroso-dsc\\\/#breadcrumb\",\"itemListElement\":[{\"@type\":\"ListItem\",\"position\":1,\"name\":\"Home\",\"item\":\"https:\\\/\\\/www.psr-inc.com\\\/pt-br\\\/\"},{\"@type\":\"ListItem\",\"position\":2,\"name\":\"Luiz Augusto Barroso, DSc\"}]},{\"@type\":\"WebSite\",\"@id\":\"https:\\\/\\\/www.psr-inc.com\\\/pt-br\\\/#website\",\"url\":\"https:\\\/\\\/www.psr-inc.com\\\/pt-br\\\/\",\"name\":\"PSR\",\"description\":\"\",\"publisher\":{\"@id\":\"https:\\\/\\\/www.psr-inc.com\\\/pt-br\\\/#organization\"},\"alternateName\":\"PSR Energy Consulting\",\"potentialAction\":[{\"@type\":\"SearchAction\",\"target\":{\"@type\":\"EntryPoint\",\"urlTemplate\":\"https:\\\/\\\/www.psr-inc.com\\\/pt-br\\\/?s={search_term_string}\"},\"query-input\":{\"@type\":\"PropertyValueSpecification\",\"valueRequired\":true,\"valueName\":\"search_term_string\"}}],\"inLanguage\":\"pt-BR\"},{\"@type\":\"Organization\",\"@id\":\"https:\\\/\\\/www.psr-inc.com\\\/pt-br\\\/#organization\",\"name\":\"PSR\",\"alternateName\":\"PSR Energy Consulting\",\"url\":\"https:\\\/\\\/www.psr-inc.com\\\/pt-br\\\/\",\"logo\":{\"@type\":\"ImageObject\",\"inLanguage\":\"pt-BR\",\"@id\":\"https:\\\/\\\/www.psr-inc.com\\\/pt-br\\\/#\\\/schema\\\/logo\\\/image\\\/\",\"url\":\"https:\\\/\\\/www.psr-inc.com\\\/wp-content\\\/uploads\\\/2023\\\/03\\\/logo-psr.svg\",\"contentUrl\":\"https:\\\/\\\/www.psr-inc.com\\\/wp-content\\\/uploads\\\/2023\\\/03\\\/logo-psr.svg\",\"width\":1056,\"height\":816,\"caption\":\"PSR\"},\"image\":{\"@id\":\"https:\\\/\\\/www.psr-inc.com\\\/pt-br\\\/#\\\/schema\\\/logo\\\/image\\\/\"},\"sameAs\":[\"https:\\\/\\\/www.facebook.com\\\/psrenergy\",\"https:\\\/\\\/x.com\\\/psrenergy\",\"https:\\\/\\\/www.instagram.com\\\/psrenergy\\\/\",\"https:\\\/\\\/www.linkedin.com\\\/company\\\/psrenergy\\\/\"]}]}<\/script>\n<!-- \/ Yoast SEO plugin. -->","yoast_head_json":{"title":"Luiz Augusto Barroso, DSc - PSR Energy","robots":{"index":"index","follow":"follow","max-snippet":"max-snippet:-1","max-image-preview":"max-image-preview:large","max-video-preview":"max-video-preview:-1"},"canonical":"https:\/\/www.psr-inc.com\/pt-br\/luiz-augusto-barroso-dsc\/","og_locale":"pt_BR","og_type":"article","og_title":"Luiz Augusto Barroso, DSc - PSR Energy","og_description":"CEO","og_url":"https:\/\/www.psr-inc.com\/pt-br\/luiz-augusto-barroso-dsc\/","og_site_name":"PSR Energy","article_publisher":"https:\/\/www.facebook.com\/psrenergy","article_modified_time":"2025-04-08T22:00:55+00:00","twitter_card":"summary_large_image","twitter_site":"@psrenergy","twitter_misc":{"Est. tempo de leitura":"2 minutos"},"schema":{"@context":"https:\/\/schema.org","@graph":[{"@type":"WebPage","@id":"https:\/\/www.psr-inc.com\/pt-br\/luiz-augusto-barroso-dsc\/","url":"https:\/\/www.psr-inc.com\/pt-br\/luiz-augusto-barroso-dsc\/","name":"Luiz Augusto Barroso, DSc - PSR Energy","isPartOf":{"@id":"https:\/\/www.psr-inc.com\/pt-br\/#website"},"datePublished":"2025-04-08T21:46:12+00:00","dateModified":"2025-04-08T22:00:55+00:00","breadcrumb":{"@id":"https:\/\/www.psr-inc.com\/pt-br\/luiz-augusto-barroso-dsc\/#breadcrumb"},"inLanguage":"pt-BR","potentialAction":[{"@type":"ReadAction","target":["https:\/\/www.psr-inc.com\/pt-br\/luiz-augusto-barroso-dsc\/"]}]},{"@type":"BreadcrumbList","@id":"https:\/\/www.psr-inc.com\/pt-br\/luiz-augusto-barroso-dsc\/#breadcrumb","itemListElement":[{"@type":"ListItem","position":1,"name":"Home","item":"https:\/\/www.psr-inc.com\/pt-br\/"},{"@type":"ListItem","position":2,"name":"Luiz Augusto Barroso, DSc"}]},{"@type":"WebSite","@id":"https:\/\/www.psr-inc.com\/pt-br\/#website","url":"https:\/\/www.psr-inc.com\/pt-br\/","name":"PSR","description":"","publisher":{"@id":"https:\/\/www.psr-inc.com\/pt-br\/#organization"},"alternateName":"PSR Energy Consulting","potentialAction":[{"@type":"SearchAction","target":{"@type":"EntryPoint","urlTemplate":"https:\/\/www.psr-inc.com\/pt-br\/?s={search_term_string}"},"query-input":{"@type":"PropertyValueSpecification","valueRequired":true,"valueName":"search_term_string"}}],"inLanguage":"pt-BR"},{"@type":"Organization","@id":"https:\/\/www.psr-inc.com\/pt-br\/#organization","name":"PSR","alternateName":"PSR Energy Consulting","url":"https:\/\/www.psr-inc.com\/pt-br\/","logo":{"@type":"ImageObject","inLanguage":"pt-BR","@id":"https:\/\/www.psr-inc.com\/pt-br\/#\/schema\/logo\/image\/","url":"https:\/\/www.psr-inc.com\/wp-content\/uploads\/2023\/03\/logo-psr.svg","contentUrl":"https:\/\/www.psr-inc.com\/wp-content\/uploads\/2023\/03\/logo-psr.svg","width":1056,"height":816,"caption":"PSR"},"image":{"@id":"https:\/\/www.psr-inc.com\/pt-br\/#\/schema\/logo\/image\/"},"sameAs":["https:\/\/www.facebook.com\/psrenergy","https:\/\/x.com\/psrenergy","https:\/\/www.instagram.com\/psrenergy\/","https:\/\/www.linkedin.com\/company\/psrenergy\/"]}]}},"_links":{"self":[{"href":"https:\/\/www.psr-inc.com\/pt-br\/wp-json\/wp\/v2\/pages\/988690","targetHints":{"allow":["GET"]}}],"collection":[{"href":"https:\/\/www.psr-inc.com\/pt-br\/wp-json\/wp\/v2\/pages"}],"about":[{"href":"https:\/\/www.psr-inc.com\/pt-br\/wp-json\/wp\/v2\/types\/page"}],"author":[{"embeddable":true,"href":"https:\/\/www.psr-inc.com\/pt-br\/wp-json\/wp\/v2\/users\/1"}],"replies":[{"embeddable":true,"href":"https:\/\/www.psr-inc.com\/pt-br\/wp-json\/wp\/v2\/comments?post=988690"}],"version-history":[{"count":3,"href":"https:\/\/www.psr-inc.com\/pt-br\/wp-json\/wp\/v2\/pages\/988690\/revisions"}],"predecessor-version":[{"id":988713,"href":"https:\/\/www.psr-inc.com\/pt-br\/wp-json\/wp\/v2\/pages\/988690\/revisions\/988713"}],"wp:attachment":[{"href":"https:\/\/www.psr-inc.com\/pt-br\/wp-json\/wp\/v2\/media?parent=988690"}],"curies":[{"name":"wp","href":"https:\/\/api.w.org\/{rel}","templated":true}]}}