{"id":988700,"date":"2025-04-08T18:57:22","date_gmt":"2025-04-08T21:57:22","guid":{"rendered":"https:\/\/novosite.psr-inc.com\/?page_id=988700"},"modified":"2025-04-08T18:59:26","modified_gmt":"2025-04-08T21:59:26","slug":"rafael-kelman-dsc","status":"publish","type":"page","link":"https:\/\/www.psr-inc.com\/pt-br\/rafael-kelman-dsc\/","title":{"rendered":"Rafael Kelman, DSc"},"content":{"rendered":"\t\t<div data-elementor-type=\"wp-page\" data-elementor-id=\"988700\" class=\"elementor elementor-988700\" data-elementor-post-type=\"page\">\n\t\t\t\t\t\t<section class=\"elementor-section elementor-top-section elementor-element elementor-element-66501ac3 elementor-section-full_width elementor-section-height-default elementor-section-height-default\" data-id=\"66501ac3\" data-element_type=\"section\" data-e-type=\"section\">\n\t\t\t\t\t\t<div class=\"elementor-container elementor-column-gap-no\">\n\t\t\t\t\t<div class=\"elementor-column elementor-col-100 elementor-top-column elementor-element elementor-element-25ebd05\" data-id=\"25ebd05\" data-element_type=\"column\" data-e-type=\"column\">\n\t\t\t<div class=\"elementor-widget-wrap elementor-element-populated\">\n\t\t\t\t\t\t<div class=\"elementor-element elementor-element-7fc182ec elementor-widget elementor-widget-text-editor\" data-id=\"7fc182ec\" data-element_type=\"widget\" data-e-type=\"widget\" data-widget_type=\"text-editor.default\">\n\t\t\t\t<div class=\"elementor-widget-container\">\n\t\t\t\t\t\t\t\t\t<p>Desde 1997 na PSR e desde 2008 como diretor executivo, cria e coordena projetos na \u00e1rea de recursos h\u00eddricos, participa da administra\u00e7\u00e3o da empresa e de seu planejamento estrat\u00e9gico, escreve artigos e faz apresenta\u00e7\u00f5es como representante da PSR.<\/p>\t\t\t\t\t\t\t\t<\/div>\n\t\t\t\t<\/div>\n\t\t\t\t<div class=\"elementor-element elementor-element-bbdfd97 elementor-widget elementor-widget-heading\" data-id=\"bbdfd97\" data-element_type=\"widget\" data-e-type=\"widget\" data-widget_type=\"heading.default\">\n\t\t\t\t<div class=\"elementor-widget-container\">\n\t\t\t\t\t<h3 class=\"elementor-heading-title elementor-size-default\">Forma\u00e7\u00e3o Acad\u00eamica<\/h3>\t\t\t\t<\/div>\n\t\t\t\t<\/div>\n\t\t\t\t<div class=\"elementor-element elementor-element-6e4c7f2 elementor-widget elementor-widget-text-editor\" data-id=\"6e4c7f2\" data-element_type=\"widget\" data-e-type=\"widget\" data-widget_type=\"text-editor.default\">\n\t\t\t\t<div class=\"elementor-widget-container\">\n\t\t\t\t\t\t\t\t\t<ul>\n<li>DSc em Engenharia de Sistemas com enfoque em Otimiza\u00e7\u00e3o \u2013 COPPE\/UFRJ<\/li>\n<li>MSc em Recursos H\u00eddricos \u2013 COPPE\/UFRJ<\/li>\n<li>BSc em Engenharia Civil \u2013 UFRJ<\/li>\n<\/ul>\t\t\t\t\t\t\t\t<\/div>\n\t\t\t\t<\/div>\n\t\t\t\t<div class=\"elementor-element elementor-element-db78214 elementor-widget elementor-widget-heading\" data-id=\"db78214\" data-element_type=\"widget\" data-e-type=\"widget\" data-widget_type=\"heading.default\">\n\t\t\t\t<div class=\"elementor-widget-container\">\n\t\t\t\t\t<h3 class=\"elementor-heading-title elementor-size-default\">Experi\u00eancia Profissional<\/h3>\t\t\t\t<\/div>\n\t\t\t\t<\/div>\n\t\t\t\t<div class=\"elementor-element elementor-element-f918047 elementor-widget elementor-widget-text-editor\" data-id=\"f918047\" data-element_type=\"widget\" data-e-type=\"widget\" data-widget_type=\"text-editor.default\">\n\t\t\t\t<div class=\"elementor-widget-container\">\n\t\t\t\t\t\t\t\t\t<ul>\n<li>Foi consultor para o Banco Mundial, IDB e outras institui\u00e7\u00f5es multilaterais, com experi\u00eancia profissional em mais de trinta pa\u00edses.<\/li>\n<li>Desenvolvimento de estudos t\u00e9cnicos nas \u00e1reas de opera\u00e7\u00e3o e planejamento da expans\u00e3o de transmiss\u00e3o e sistemas el\u00e9tricos.<\/li>\n<li>Participa\u00e7\u00e3o na coordena\u00e7\u00e3o e desenvolvimento de modelos computacionais na \u00e1rea de planejamento energ\u00e9tico.<\/li>\n<li>Estudos nas \u00e1reas de descarboniza\u00e7\u00e3o, recursos h\u00eddricos, e estudos internacionais.<\/li>\n<li>Palestrante em workshops e semin\u00e1rios, nacionais e internacionais e autor de diversos artigos em publica\u00e7\u00f5es especializadas, cap\u00edtulos de livros e anais de congressos no Brasil e exterior.<\/li>\n<\/ul>\t\t\t\t\t\t\t\t<\/div>\n\t\t\t\t<\/div>\n\t\t\t\t<div data-dce-background-color=\"#02010100\" class=\"vamtam-has-theme-widget-styles elementor-element elementor-element-735ae8cc vamtam-has-underline-anim elementor-widget__width-auto elementor-widget elementor-widget-button\" data-id=\"735ae8cc\" data-element_type=\"widget\" data-e-type=\"widget\" data-widget_type=\"button.default\">\n\t\t\t\t<div class=\"elementor-widget-container\">\n\t\t\t\t\t\t\t\t\t<div class=\"elementor-button-wrapper\">\n\t\t\t\t\t<a class=\"elementor-button elementor-button-link elementor-size-sm\" href=\"https:\/\/www.psr-inc.com\/pt-br\/equipe2\/\">\n\t\t\t\t\t\t<span class=\"elementor-button-content-wrapper\">\n\t\t\t\t\t\t\t\t\t<span class=\"elementor-button-text\">Voltar para a Equipe PSR<\/span>\n\t\t\t\t\t<\/span>\n\t\t\t\t\t<\/a>\n\t\t\t\t<\/div>\n\t\t\t\t\t\t\t\t<\/div>\n\t\t\t\t<\/div>\n\t\t\t\t\t<\/div>\n\t\t<\/div>\n\t\t\t\t\t<\/div>\n\t\t<\/section>\n\t\t\t\t<\/div>\n\t\t","protected":false},"excerpt":{"rendered":"<p>Founding Director<\/p>\n","protected":false},"author":1,"featured_media":0,"parent":0,"menu_order":0,"comment_status":"closed","ping_status":"closed","template":"","meta":{"_acf_changed":false,"footnotes":""},"class_list":["post-988700","page","type-page","status-publish","hentry"],"acf":[],"yoast_head":"<!-- This site is optimized with the Yoast SEO plugin v27.5 - https:\/\/yoast.com\/product\/yoast-seo-wordpress\/ -->\n<title>Rafael Kelman, DSc - PSR Energy<\/title>\n<meta name=\"robots\" content=\"index, follow, max-snippet:-1, max-image-preview:large, max-video-preview:-1\" \/>\n<link rel=\"canonical\" href=\"https:\/\/www.psr-inc.com\/pt-br\/rafael-kelman-dsc\/\" \/>\n<meta property=\"og:locale\" content=\"pt_BR\" \/>\n<meta property=\"og:type\" content=\"article\" \/>\n<meta property=\"og:title\" content=\"Rafael Kelman, DSc - PSR Energy\" \/>\n<meta property=\"og:description\" content=\"Founding Director\" \/>\n<meta property=\"og:url\" content=\"https:\/\/www.psr-inc.com\/pt-br\/rafael-kelman-dsc\/\" \/>\n<meta property=\"og:site_name\" content=\"PSR Energy\" \/>\n<meta property=\"article:publisher\" content=\"https:\/\/www.facebook.com\/psrenergy\" \/>\n<meta property=\"article:modified_time\" content=\"2025-04-08T21:59:26+00:00\" \/>\n<meta name=\"twitter:card\" content=\"summary_large_image\" \/>\n<meta name=\"twitter:site\" content=\"@psrenergy\" \/>\n<meta name=\"twitter:label1\" content=\"Est. tempo de leitura\" \/>\n\t<meta name=\"twitter:data1\" content=\"1 minuto\" \/>\n<script type=\"application\/ld+json\" class=\"yoast-schema-graph\">{\"@context\":\"https:\\\/\\\/schema.org\",\"@graph\":[{\"@type\":\"WebPage\",\"@id\":\"https:\\\/\\\/www.psr-inc.com\\\/pt-br\\\/rafael-kelman-dsc\\\/\",\"url\":\"https:\\\/\\\/www.psr-inc.com\\\/pt-br\\\/rafael-kelman-dsc\\\/\",\"name\":\"Rafael Kelman, DSc - PSR Energy\",\"isPartOf\":{\"@id\":\"https:\\\/\\\/www.psr-inc.com\\\/pt-br\\\/#website\"},\"datePublished\":\"2025-04-08T21:57:22+00:00\",\"dateModified\":\"2025-04-08T21:59:26+00:00\",\"breadcrumb\":{\"@id\":\"https:\\\/\\\/www.psr-inc.com\\\/pt-br\\\/rafael-kelman-dsc\\\/#breadcrumb\"},\"inLanguage\":\"pt-BR\",\"potentialAction\":[{\"@type\":\"ReadAction\",\"target\":[\"https:\\\/\\\/www.psr-inc.com\\\/pt-br\\\/rafael-kelman-dsc\\\/\"]}]},{\"@type\":\"BreadcrumbList\",\"@id\":\"https:\\\/\\\/www.psr-inc.com\\\/pt-br\\\/rafael-kelman-dsc\\\/#breadcrumb\",\"itemListElement\":[{\"@type\":\"ListItem\",\"position\":1,\"name\":\"Home\",\"item\":\"https:\\\/\\\/www.psr-inc.com\\\/pt-br\\\/\"},{\"@type\":\"ListItem\",\"position\":2,\"name\":\"Rafael Kelman, DSc\"}]},{\"@type\":\"WebSite\",\"@id\":\"https:\\\/\\\/www.psr-inc.com\\\/pt-br\\\/#website\",\"url\":\"https:\\\/\\\/www.psr-inc.com\\\/pt-br\\\/\",\"name\":\"PSR\",\"description\":\"\",\"publisher\":{\"@id\":\"https:\\\/\\\/www.psr-inc.com\\\/pt-br\\\/#organization\"},\"alternateName\":\"PSR Energy Consulting\",\"potentialAction\":[{\"@type\":\"SearchAction\",\"target\":{\"@type\":\"EntryPoint\",\"urlTemplate\":\"https:\\\/\\\/www.psr-inc.com\\\/pt-br\\\/?s={search_term_string}\"},\"query-input\":{\"@type\":\"PropertyValueSpecification\",\"valueRequired\":true,\"valueName\":\"search_term_string\"}}],\"inLanguage\":\"pt-BR\"},{\"@type\":\"Organization\",\"@id\":\"https:\\\/\\\/www.psr-inc.com\\\/pt-br\\\/#organization\",\"name\":\"PSR\",\"alternateName\":\"PSR Energy Consulting\",\"url\":\"https:\\\/\\\/www.psr-inc.com\\\/pt-br\\\/\",\"logo\":{\"@type\":\"ImageObject\",\"inLanguage\":\"pt-BR\",\"@id\":\"https:\\\/\\\/www.psr-inc.com\\\/pt-br\\\/#\\\/schema\\\/logo\\\/image\\\/\",\"url\":\"https:\\\/\\\/www.psr-inc.com\\\/wp-content\\\/uploads\\\/2023\\\/03\\\/logo-psr.svg\",\"contentUrl\":\"https:\\\/\\\/www.psr-inc.com\\\/wp-content\\\/uploads\\\/2023\\\/03\\\/logo-psr.svg\",\"width\":1056,\"height\":816,\"caption\":\"PSR\"},\"image\":{\"@id\":\"https:\\\/\\\/www.psr-inc.com\\\/pt-br\\\/#\\\/schema\\\/logo\\\/image\\\/\"},\"sameAs\":[\"https:\\\/\\\/www.facebook.com\\\/psrenergy\",\"https:\\\/\\\/x.com\\\/psrenergy\",\"https:\\\/\\\/www.instagram.com\\\/psrenergy\\\/\",\"https:\\\/\\\/www.linkedin.com\\\/company\\\/psrenergy\\\/\"]}]}<\/script>\n<!-- \/ Yoast SEO plugin. -->","yoast_head_json":{"title":"Rafael Kelman, DSc - PSR Energy","robots":{"index":"index","follow":"follow","max-snippet":"max-snippet:-1","max-image-preview":"max-image-preview:large","max-video-preview":"max-video-preview:-1"},"canonical":"https:\/\/www.psr-inc.com\/pt-br\/rafael-kelman-dsc\/","og_locale":"pt_BR","og_type":"article","og_title":"Rafael Kelman, DSc - PSR Energy","og_description":"Founding Director","og_url":"https:\/\/www.psr-inc.com\/pt-br\/rafael-kelman-dsc\/","og_site_name":"PSR Energy","article_publisher":"https:\/\/www.facebook.com\/psrenergy","article_modified_time":"2025-04-08T21:59:26+00:00","twitter_card":"summary_large_image","twitter_site":"@psrenergy","twitter_misc":{"Est. tempo de leitura":"1 minuto"},"schema":{"@context":"https:\/\/schema.org","@graph":[{"@type":"WebPage","@id":"https:\/\/www.psr-inc.com\/pt-br\/rafael-kelman-dsc\/","url":"https:\/\/www.psr-inc.com\/pt-br\/rafael-kelman-dsc\/","name":"Rafael Kelman, DSc - PSR Energy","isPartOf":{"@id":"https:\/\/www.psr-inc.com\/pt-br\/#website"},"datePublished":"2025-04-08T21:57:22+00:00","dateModified":"2025-04-08T21:59:26+00:00","breadcrumb":{"@id":"https:\/\/www.psr-inc.com\/pt-br\/rafael-kelman-dsc\/#breadcrumb"},"inLanguage":"pt-BR","potentialAction":[{"@type":"ReadAction","target":["https:\/\/www.psr-inc.com\/pt-br\/rafael-kelman-dsc\/"]}]},{"@type":"BreadcrumbList","@id":"https:\/\/www.psr-inc.com\/pt-br\/rafael-kelman-dsc\/#breadcrumb","itemListElement":[{"@type":"ListItem","position":1,"name":"Home","item":"https:\/\/www.psr-inc.com\/pt-br\/"},{"@type":"ListItem","position":2,"name":"Rafael Kelman, DSc"}]},{"@type":"WebSite","@id":"https:\/\/www.psr-inc.com\/pt-br\/#website","url":"https:\/\/www.psr-inc.com\/pt-br\/","name":"PSR","description":"","publisher":{"@id":"https:\/\/www.psr-inc.com\/pt-br\/#organization"},"alternateName":"PSR Energy Consulting","potentialAction":[{"@type":"SearchAction","target":{"@type":"EntryPoint","urlTemplate":"https:\/\/www.psr-inc.com\/pt-br\/?s={search_term_string}"},"query-input":{"@type":"PropertyValueSpecification","valueRequired":true,"valueName":"search_term_string"}}],"inLanguage":"pt-BR"},{"@type":"Organization","@id":"https:\/\/www.psr-inc.com\/pt-br\/#organization","name":"PSR","alternateName":"PSR Energy Consulting","url":"https:\/\/www.psr-inc.com\/pt-br\/","logo":{"@type":"ImageObject","inLanguage":"pt-BR","@id":"https:\/\/www.psr-inc.com\/pt-br\/#\/schema\/logo\/image\/","url":"https:\/\/www.psr-inc.com\/wp-content\/uploads\/2023\/03\/logo-psr.svg","contentUrl":"https:\/\/www.psr-inc.com\/wp-content\/uploads\/2023\/03\/logo-psr.svg","width":1056,"height":816,"caption":"PSR"},"image":{"@id":"https:\/\/www.psr-inc.com\/pt-br\/#\/schema\/logo\/image\/"},"sameAs":["https:\/\/www.facebook.com\/psrenergy","https:\/\/x.com\/psrenergy","https:\/\/www.instagram.com\/psrenergy\/","https:\/\/www.linkedin.com\/company\/psrenergy\/"]}]}},"_links":{"self":[{"href":"https:\/\/www.psr-inc.com\/pt-br\/wp-json\/wp\/v2\/pages\/988700","targetHints":{"allow":["GET"]}}],"collection":[{"href":"https:\/\/www.psr-inc.com\/pt-br\/wp-json\/wp\/v2\/pages"}],"about":[{"href":"https:\/\/www.psr-inc.com\/pt-br\/wp-json\/wp\/v2\/types\/page"}],"author":[{"embeddable":true,"href":"https:\/\/www.psr-inc.com\/pt-br\/wp-json\/wp\/v2\/users\/1"}],"replies":[{"embeddable":true,"href":"https:\/\/www.psr-inc.com\/pt-br\/wp-json\/wp\/v2\/comments?post=988700"}],"version-history":[{"count":5,"href":"https:\/\/www.psr-inc.com\/pt-br\/wp-json\/wp\/v2\/pages\/988700\/revisions"}],"predecessor-version":[{"id":988706,"href":"https:\/\/www.psr-inc.com\/pt-br\/wp-json\/wp\/v2\/pages\/988700\/revisions\/988706"}],"wp:attachment":[{"href":"https:\/\/www.psr-inc.com\/pt-br\/wp-json\/wp\/v2\/media?parent=988700"}],"curies":[{"name":"wp","href":"https:\/\/api.w.org\/{rel}","templated":true}]}}