{"id":988781,"date":"2025-04-09T10:41:26","date_gmt":"2025-04-09T13:41:26","guid":{"rendered":"https:\/\/novosite.psr-inc.com\/?page_id=988781"},"modified":"2025-04-09T10:41:26","modified_gmt":"2025-04-09T13:41:26","slug":"luiz-carlos-da-costa-jr-dsc","status":"publish","type":"page","link":"https:\/\/www.psr-inc.com\/pt-br\/luiz-carlos-da-costa-jr-dsc\/","title":{"rendered":"Luiz Carlos da Costa Jr., DSc"},"content":{"rendered":"\t\t<div data-elementor-type=\"wp-page\" data-elementor-id=\"988781\" class=\"elementor elementor-988781\" data-elementor-post-type=\"page\">\n\t\t\t\t\t\t<section class=\"elementor-section elementor-top-section elementor-element elementor-element-66501ac3 elementor-section-full_width elementor-section-height-default elementor-section-height-default\" data-id=\"66501ac3\" data-element_type=\"section\" data-e-type=\"section\">\n\t\t\t\t\t\t<div class=\"elementor-container elementor-column-gap-no\">\n\t\t\t\t\t<div class=\"elementor-column elementor-col-100 elementor-top-column elementor-element elementor-element-25ebd05\" data-id=\"25ebd05\" data-element_type=\"column\" data-e-type=\"column\">\n\t\t\t<div class=\"elementor-widget-wrap elementor-element-populated\">\n\t\t\t\t\t\t<div class=\"elementor-element elementor-element-7fc182ec elementor-widget elementor-widget-text-editor\" data-id=\"7fc182ec\" data-element_type=\"widget\" data-e-type=\"widget\" data-widget_type=\"text-editor.default\">\n\t\t\t\t<div class=\"elementor-widget-container\">\n\t\t\t\t\t\t\t\t\t<p>Desde 2002 na PSR, vem coordenando o desenvolvimento de modelos computacionais aplicados ao setor el\u00e9trico. Atualmente \u00e9 diretor executivo tendo as fun\u00e7\u00f5es de COO, CTO e CFO.<\/p>\t\t\t\t\t\t\t\t<\/div>\n\t\t\t\t<\/div>\n\t\t\t\t<div class=\"elementor-element elementor-element-bbdfd97 elementor-widget elementor-widget-heading\" data-id=\"bbdfd97\" data-element_type=\"widget\" data-e-type=\"widget\" data-widget_type=\"heading.default\">\n\t\t\t\t<div class=\"elementor-widget-container\">\n\t\t\t\t\t<h3 class=\"elementor-heading-title elementor-size-default\">Forma\u00e7\u00e3o Acad\u00eamica<\/h3>\t\t\t\t<\/div>\n\t\t\t\t<\/div>\n\t\t\t\t<div class=\"elementor-element elementor-element-6e4c7f2 elementor-widget elementor-widget-text-editor\" data-id=\"6e4c7f2\" data-element_type=\"widget\" data-e-type=\"widget\" data-widget_type=\"text-editor.default\">\n\t\t\t\t<div class=\"elementor-widget-container\">\n\t\t\t\t\t\t\t\t\t<ul><li>DSc em Engenharia El\u00e9trica com \u00eanfase em Pesquisa Operacional \u2013 PUC-Rio<\/li><li>MSc em Engenharia El\u00e9trica com \u00eanfase em Pesquisa Operacional \u2013 PUC-Rio<\/li><li>BSc em Engenharia El\u00e9trica com \u00eanfase em Pesquisa Operacional \u2013 PUC-Rio<\/li><\/ul>\t\t\t\t\t\t\t\t<\/div>\n\t\t\t\t<\/div>\n\t\t\t\t<div class=\"elementor-element elementor-element-db78214 elementor-widget elementor-widget-heading\" data-id=\"db78214\" data-element_type=\"widget\" data-e-type=\"widget\" data-widget_type=\"heading.default\">\n\t\t\t\t<div class=\"elementor-widget-container\">\n\t\t\t\t\t<h3 class=\"elementor-heading-title elementor-size-default\">Experi\u00eancia Profissional<\/h3>\t\t\t\t<\/div>\n\t\t\t\t<\/div>\n\t\t\t\t<div class=\"elementor-element elementor-element-f918047 elementor-widget elementor-widget-text-editor\" data-id=\"f918047\" data-element_type=\"widget\" data-e-type=\"widget\" data-widget_type=\"text-editor.default\">\n\t\t\t\t<div class=\"elementor-widget-container\">\n\t\t\t\t\t\t\t\t\t<ul><li>Tem liderado a frente acad\u00eamica como instrutor de diversos cursos na Europa e Am\u00e9rica Latina, nas \u00e1reas de despacho hidrot\u00e9rmico e gerenciamento de risco<\/li><li>Atua no desenvolvimento de modelos computacionais aplicados ao setor el\u00e9trico, tais como:<ul><li>modelos para a otimiza\u00e7\u00e3o da ger\u00eancia de contratos de g\u00e1s para usinas t\u00e9rmicas sob incerteza (modelo OptGas);<\/li><li>modelos para a otimiza\u00e7\u00e3o de portf\u00f3lios de ativos f\u00edsico-financeiros sob incerteza e com restri\u00e7\u00f5es de risco (modelo OptFolio);<\/li><li>modelos para a otimiza\u00e7\u00e3o do despacho hidrot\u00e9rmico de m\u00e9dio e longo prazos sob incerteza em ambientes centralizados (modelo SDDP) e de mercado (modelo MAXREV), bem como para a otimiza\u00e7\u00e3o do despacho hidrot\u00e9rmico de curto prazo (modelo NCP).<\/li><\/ul><\/li><\/ul>\t\t\t\t\t\t\t\t<\/div>\n\t\t\t\t<\/div>\n\t\t\t\t<div data-dce-background-color=\"#02010100\" class=\"vamtam-has-theme-widget-styles elementor-element elementor-element-735ae8cc vamtam-has-underline-anim elementor-widget__width-auto elementor-widget elementor-widget-button\" data-id=\"735ae8cc\" data-element_type=\"widget\" data-e-type=\"widget\" data-widget_type=\"button.default\">\n\t\t\t\t<div class=\"elementor-widget-container\">\n\t\t\t\t\t\t\t\t\t<div class=\"elementor-button-wrapper\">\n\t\t\t\t\t<a class=\"elementor-button elementor-button-link elementor-size-sm\" href=\"https:\/\/www.psr-inc.com\/pt-br\/equipe2\/\">\n\t\t\t\t\t\t<span class=\"elementor-button-content-wrapper\">\n\t\t\t\t\t\t\t\t\t<span class=\"elementor-button-text\">Voltar para a Equipe PSR<\/span>\n\t\t\t\t\t<\/span>\n\t\t\t\t\t<\/a>\n\t\t\t\t<\/div>\n\t\t\t\t\t\t\t\t<\/div>\n\t\t\t\t<\/div>\n\t\t\t\t\t<\/div>\n\t\t<\/div>\n\t\t\t\t\t<\/div>\n\t\t<\/section>\n\t\t\t\t<\/div>\n\t\t","protected":false},"excerpt":{"rendered":"<p>Technical Director<br \/>\nFerramentas Anal\u00edticas<\/p>\n","protected":false},"author":1,"featured_media":0,"parent":0,"menu_order":0,"comment_status":"closed","ping_status":"closed","template":"","meta":{"_acf_changed":false,"footnotes":""},"class_list":["post-988781","page","type-page","status-publish","hentry"],"acf":[],"yoast_head":"<!-- This site is optimized with the Yoast SEO plugin v27.5 - https:\/\/yoast.com\/product\/yoast-seo-wordpress\/ -->\n<title>Luiz Carlos da Costa Jr., DSc - PSR Energy<\/title>\n<meta name=\"robots\" content=\"index, follow, max-snippet:-1, max-image-preview:large, max-video-preview:-1\" \/>\n<link rel=\"canonical\" href=\"https:\/\/www.psr-inc.com\/pt-br\/luiz-carlos-da-costa-jr-dsc\/\" \/>\n<meta property=\"og:locale\" content=\"pt_BR\" \/>\n<meta property=\"og:type\" content=\"article\" \/>\n<meta property=\"og:title\" content=\"Luiz Carlos da Costa Jr., DSc - PSR Energy\" \/>\n<meta property=\"og:description\" content=\"Technical Director Ferramentas Anal\u00edticas\" \/>\n<meta property=\"og:url\" content=\"https:\/\/www.psr-inc.com\/pt-br\/luiz-carlos-da-costa-jr-dsc\/\" \/>\n<meta property=\"og:site_name\" content=\"PSR Energy\" \/>\n<meta property=\"article:publisher\" content=\"https:\/\/www.facebook.com\/psrenergy\" \/>\n<meta name=\"twitter:card\" content=\"summary_large_image\" \/>\n<meta name=\"twitter:site\" content=\"@psrenergy\" \/>\n<meta name=\"twitter:label1\" content=\"Est. tempo de leitura\" \/>\n\t<meta name=\"twitter:data1\" content=\"1 minuto\" \/>\n<script type=\"application\/ld+json\" class=\"yoast-schema-graph\">{\"@context\":\"https:\\\/\\\/schema.org\",\"@graph\":[{\"@type\":\"WebPage\",\"@id\":\"https:\\\/\\\/www.psr-inc.com\\\/pt-br\\\/luiz-carlos-da-costa-jr-dsc\\\/\",\"url\":\"https:\\\/\\\/www.psr-inc.com\\\/pt-br\\\/luiz-carlos-da-costa-jr-dsc\\\/\",\"name\":\"Luiz Carlos da Costa Jr., DSc - PSR Energy\",\"isPartOf\":{\"@id\":\"https:\\\/\\\/www.psr-inc.com\\\/pt-br\\\/#website\"},\"datePublished\":\"2025-04-09T13:41:26+00:00\",\"breadcrumb\":{\"@id\":\"https:\\\/\\\/www.psr-inc.com\\\/pt-br\\\/luiz-carlos-da-costa-jr-dsc\\\/#breadcrumb\"},\"inLanguage\":\"pt-BR\",\"potentialAction\":[{\"@type\":\"ReadAction\",\"target\":[\"https:\\\/\\\/www.psr-inc.com\\\/pt-br\\\/luiz-carlos-da-costa-jr-dsc\\\/\"]}]},{\"@type\":\"BreadcrumbList\",\"@id\":\"https:\\\/\\\/www.psr-inc.com\\\/pt-br\\\/luiz-carlos-da-costa-jr-dsc\\\/#breadcrumb\",\"itemListElement\":[{\"@type\":\"ListItem\",\"position\":1,\"name\":\"Home\",\"item\":\"https:\\\/\\\/www.psr-inc.com\\\/pt-br\\\/\"},{\"@type\":\"ListItem\",\"position\":2,\"name\":\"Luiz Carlos da Costa Jr., DSc\"}]},{\"@type\":\"WebSite\",\"@id\":\"https:\\\/\\\/www.psr-inc.com\\\/pt-br\\\/#website\",\"url\":\"https:\\\/\\\/www.psr-inc.com\\\/pt-br\\\/\",\"name\":\"PSR\",\"description\":\"\",\"publisher\":{\"@id\":\"https:\\\/\\\/www.psr-inc.com\\\/pt-br\\\/#organization\"},\"alternateName\":\"PSR Energy Consulting\",\"potentialAction\":[{\"@type\":\"SearchAction\",\"target\":{\"@type\":\"EntryPoint\",\"urlTemplate\":\"https:\\\/\\\/www.psr-inc.com\\\/pt-br\\\/?s={search_term_string}\"},\"query-input\":{\"@type\":\"PropertyValueSpecification\",\"valueRequired\":true,\"valueName\":\"search_term_string\"}}],\"inLanguage\":\"pt-BR\"},{\"@type\":\"Organization\",\"@id\":\"https:\\\/\\\/www.psr-inc.com\\\/pt-br\\\/#organization\",\"name\":\"PSR\",\"alternateName\":\"PSR Energy Consulting\",\"url\":\"https:\\\/\\\/www.psr-inc.com\\\/pt-br\\\/\",\"logo\":{\"@type\":\"ImageObject\",\"inLanguage\":\"pt-BR\",\"@id\":\"https:\\\/\\\/www.psr-inc.com\\\/pt-br\\\/#\\\/schema\\\/logo\\\/image\\\/\",\"url\":\"https:\\\/\\\/www.psr-inc.com\\\/wp-content\\\/uploads\\\/2023\\\/03\\\/logo-psr.svg\",\"contentUrl\":\"https:\\\/\\\/www.psr-inc.com\\\/wp-content\\\/uploads\\\/2023\\\/03\\\/logo-psr.svg\",\"width\":1056,\"height\":816,\"caption\":\"PSR\"},\"image\":{\"@id\":\"https:\\\/\\\/www.psr-inc.com\\\/pt-br\\\/#\\\/schema\\\/logo\\\/image\\\/\"},\"sameAs\":[\"https:\\\/\\\/www.facebook.com\\\/psrenergy\",\"https:\\\/\\\/x.com\\\/psrenergy\",\"https:\\\/\\\/www.instagram.com\\\/psrenergy\\\/\",\"https:\\\/\\\/www.linkedin.com\\\/company\\\/psrenergy\\\/\"]}]}<\/script>\n<!-- \/ Yoast SEO plugin. -->","yoast_head_json":{"title":"Luiz Carlos da Costa Jr., DSc - PSR Energy","robots":{"index":"index","follow":"follow","max-snippet":"max-snippet:-1","max-image-preview":"max-image-preview:large","max-video-preview":"max-video-preview:-1"},"canonical":"https:\/\/www.psr-inc.com\/pt-br\/luiz-carlos-da-costa-jr-dsc\/","og_locale":"pt_BR","og_type":"article","og_title":"Luiz Carlos da Costa Jr., DSc - PSR Energy","og_description":"Technical Director Ferramentas Anal\u00edticas","og_url":"https:\/\/www.psr-inc.com\/pt-br\/luiz-carlos-da-costa-jr-dsc\/","og_site_name":"PSR Energy","article_publisher":"https:\/\/www.facebook.com\/psrenergy","twitter_card":"summary_large_image","twitter_site":"@psrenergy","twitter_misc":{"Est. tempo de leitura":"1 minuto"},"schema":{"@context":"https:\/\/schema.org","@graph":[{"@type":"WebPage","@id":"https:\/\/www.psr-inc.com\/pt-br\/luiz-carlos-da-costa-jr-dsc\/","url":"https:\/\/www.psr-inc.com\/pt-br\/luiz-carlos-da-costa-jr-dsc\/","name":"Luiz Carlos da Costa Jr., DSc - PSR Energy","isPartOf":{"@id":"https:\/\/www.psr-inc.com\/pt-br\/#website"},"datePublished":"2025-04-09T13:41:26+00:00","breadcrumb":{"@id":"https:\/\/www.psr-inc.com\/pt-br\/luiz-carlos-da-costa-jr-dsc\/#breadcrumb"},"inLanguage":"pt-BR","potentialAction":[{"@type":"ReadAction","target":["https:\/\/www.psr-inc.com\/pt-br\/luiz-carlos-da-costa-jr-dsc\/"]}]},{"@type":"BreadcrumbList","@id":"https:\/\/www.psr-inc.com\/pt-br\/luiz-carlos-da-costa-jr-dsc\/#breadcrumb","itemListElement":[{"@type":"ListItem","position":1,"name":"Home","item":"https:\/\/www.psr-inc.com\/pt-br\/"},{"@type":"ListItem","position":2,"name":"Luiz Carlos da Costa Jr., DSc"}]},{"@type":"WebSite","@id":"https:\/\/www.psr-inc.com\/pt-br\/#website","url":"https:\/\/www.psr-inc.com\/pt-br\/","name":"PSR","description":"","publisher":{"@id":"https:\/\/www.psr-inc.com\/pt-br\/#organization"},"alternateName":"PSR Energy Consulting","potentialAction":[{"@type":"SearchAction","target":{"@type":"EntryPoint","urlTemplate":"https:\/\/www.psr-inc.com\/pt-br\/?s={search_term_string}"},"query-input":{"@type":"PropertyValueSpecification","valueRequired":true,"valueName":"search_term_string"}}],"inLanguage":"pt-BR"},{"@type":"Organization","@id":"https:\/\/www.psr-inc.com\/pt-br\/#organization","name":"PSR","alternateName":"PSR Energy Consulting","url":"https:\/\/www.psr-inc.com\/pt-br\/","logo":{"@type":"ImageObject","inLanguage":"pt-BR","@id":"https:\/\/www.psr-inc.com\/pt-br\/#\/schema\/logo\/image\/","url":"https:\/\/www.psr-inc.com\/wp-content\/uploads\/2023\/03\/logo-psr.svg","contentUrl":"https:\/\/www.psr-inc.com\/wp-content\/uploads\/2023\/03\/logo-psr.svg","width":1056,"height":816,"caption":"PSR"},"image":{"@id":"https:\/\/www.psr-inc.com\/pt-br\/#\/schema\/logo\/image\/"},"sameAs":["https:\/\/www.facebook.com\/psrenergy","https:\/\/x.com\/psrenergy","https:\/\/www.instagram.com\/psrenergy\/","https:\/\/www.linkedin.com\/company\/psrenergy\/"]}]}},"_links":{"self":[{"href":"https:\/\/www.psr-inc.com\/pt-br\/wp-json\/wp\/v2\/pages\/988781","targetHints":{"allow":["GET"]}}],"collection":[{"href":"https:\/\/www.psr-inc.com\/pt-br\/wp-json\/wp\/v2\/pages"}],"about":[{"href":"https:\/\/www.psr-inc.com\/pt-br\/wp-json\/wp\/v2\/types\/page"}],"author":[{"embeddable":true,"href":"https:\/\/www.psr-inc.com\/pt-br\/wp-json\/wp\/v2\/users\/1"}],"replies":[{"embeddable":true,"href":"https:\/\/www.psr-inc.com\/pt-br\/wp-json\/wp\/v2\/comments?post=988781"}],"version-history":[{"count":2,"href":"https:\/\/www.psr-inc.com\/pt-br\/wp-json\/wp\/v2\/pages\/988781\/revisions"}],"predecessor-version":[{"id":988800,"href":"https:\/\/www.psr-inc.com\/pt-br\/wp-json\/wp\/v2\/pages\/988781\/revisions\/988800"}],"wp:attachment":[{"href":"https:\/\/www.psr-inc.com\/pt-br\/wp-json\/wp\/v2\/media?parent=988781"}],"curies":[{"name":"wp","href":"https:\/\/api.w.org\/{rel}","templated":true}]}}